{"id":82,"date":"2021-03-30T10:14:02","date_gmt":"2021-03-30T08:14:02","guid":{"rendered":"https:\/\/trinfortrin.samfundslitteratur.dk\/?page_id=82"},"modified":"2022-02-25T13:25:35","modified_gmt":"2022-02-25T12:25:35","slug":"workshops","status":"publish","type":"page","link":"https:\/\/trinfortrin.samfundslitteratur.dk\/?page_id=82","title":{"rendered":"Workshops"},"content":{"rendered":"\n<p>Under workshoppen tjekker deltagerne deres telefoner fremfor at g\u00e5 ind i de dialoger, workshoppens facilitator fors\u00f8ger at f\u00e5 i gang. De planlagte aktiviteter giver intet output, og bagefter kan ingen svare p\u00e5, hvad pointen med det hele var. Det er rigtig \u00e6rgerligt! Det kunne have v\u00e6ret undg\u00e5et med en mere struktureret tilgang til planl\u00e6gning med st\u00f8rre fokus p\u00e5 workshoppens m\u00e5l og med bedre facilitering.<\/p>\n\n\n\n<p>Det f\u00e5r du ved fra start at stille skarpt p\u00e5, at workshoppen skal v\u00e6re v\u00e6rdiskabende. Bogen tilbyder en systematisk og tilg\u00e6ngelig ramme for, hvordan du planl\u00e6gger og afholder workshops, der skaber reel v\u00e6rdi &#8211; b\u00e5de for dem, som deltager i den, og for den organisation, der afholder workshoppen.<\/p>\n\n\n\n<p>Denne bog guider dig igennem den proces, det er at afholde en v\u00e6rdiskabende workshops fra start til slut.<\/p>\n\n\n\n<p>Bogen er beregnet til at blive brugt af dig, der ogs\u00e5 har travlt med alt mulig andet, og derfor er den kortfattet og g\u00e5r lige til sagen. Den trinvise tilgang til at planl\u00e6gge og afholde v\u00e6rdiskabende workshops og de mange eksempler, forklaringer og illustrationer hj\u00e6lper dig godt i gang.<\/p>\n\n\n\n<div class=\"wp-block-buttons is-horizontal is-content-justification-center is-layout-flex wp-container-core-buttons-is-layout-499968f5 wp-block-buttons-is-layout-flex\">\n<div class=\"wp-block-button\"><a class=\"wp-block-button__link has-white-color has-text-color has-background\" href=\"https:\/\/samfundslitteratur.dk\/bog\/v%C3%A6rdiskabende-workshops-trin-trin\" style=\"border-radius:2px;background-color:#88a9ab\" target=\"_blank\" rel=\"noreferrer noopener\">K\u00f8b bogen her<\/a><\/div>\n<\/div>\n\n\n\n<hr class=\"wp-block-separator is-style-wide\"\/>\n\n\n\n<div class=\"wp-block-buttons is-content-justification-center is-layout-flex wp-container-core-buttons-is-layout-16018d1d wp-block-buttons-is-layout-flex\">\n<div class=\"wp-block-button is-style-fill\"><a class=\"wp-block-button__link\" href=\"https:\/\/trinfortrin.samfundslitteratur.dk\/?page_id=588\">Kapitel 5<\/a><\/div>\n\n\n\n<div class=\"wp-block-button is-style-fill\"><a class=\"wp-block-button__link\" href=\"https:\/\/trinfortrin.samfundslitteratur.dk\/?page_id=591\">Kapitel 6<\/a><\/div>\n\n\n\n<div class=\"wp-block-button is-style-fill\"><a class=\"wp-block-button__link\" href=\"https:\/\/trinfortrin.samfundslitteratur.dk\/?page_id=596\">Kapitel 7<\/a><\/div>\n\n\n\n<div class=\"wp-block-button is-style-fill\"><a class=\"wp-block-button__link\" href=\"https:\/\/trinfortrin.samfundslitteratur.dk\/?page_id=602\">Kapitel 8<\/a><\/div>\n\n\n\n<div class=\"wp-block-button is-style-fill\"><a class=\"wp-block-button__link\" href=\"https:\/\/trinfortrin.samfundslitteratur.dk\/?page_id=605\">Kapitel 9<\/a><\/div>\n<\/div>\n\n\n\n<hr class=\"wp-block-separator is-style-wide\"\/>\n\n\n\n<h4 class=\"wp-block-heading\">Om forfatterne<\/h4>\n\n\n\n<p><strong>Tine Wirenfeldt Jensen<\/strong> har undervist andre i at undervise og formidle i 20 \u00e5r. Hun er ph.d. i l\u00e6ring og uddannelse og er selvst\u00e6ndig uddannelseskonsulent, foredragsholder og forfatter i virksomheden METoDo. <br>Hun er ogs\u00e5 ekstern adjunktvejleder ved Syddansk Universitet og har i en \u00e5rr\u00e6kke v\u00e6ret en del af censorkorpset for retorik. <br>Tine Wirenfeldt Jensen har i \u00e5renes l\u00f8b afholdt hundredevis af workshops i uddannelsessektoren og for organisationer og virksomheder.<\/p>\n\n\n\n<p><\/p>\n\n\n\n<p><strong>Charlotte Albrechtsen<\/strong> har afholdt workshops gennem hele sit arbejdsliv. Hun er ph.d. i virksomhedskommunikation. <br>Til daglig er Charlotte Albrechtsen selvst\u00e6ndig analysekonsulent i virksomheden Tovejs, hvor hun bl.a. bruger workshops til at inddrage brugere og andre parter i analyseprocesser.<br>Sidel\u00f8bende hermed underviser hun ved Syddansk Universitet, og hun er serie-redakt\u00f8r for trin for trin-serien.<br>Charlotte Albrechtsen har tidligere udgivet b\u00f8ger om personaer, brugertest og sp\u00f8rgeskemadesign. <\/p>\n","protected":false},"excerpt":{"rendered":"<p>Under workshoppen tjekker deltagerne deres telefoner fremfor at g\u00e5 ind i de dialoger, workshoppens facilitator fors\u00f8ger at f\u00e5 i gang. De planlagte aktiviteter giver intet output, og bagefter kan ingen svare p\u00e5, hvad pointen med det hele var. Det er rigtig \u00e6rgerligt! Det kunne have v\u00e6ret undg\u00e5et med en mere struktureret tilgang til planl\u00e6gning med st\u00f8rre fokus p\u00e5 workshoppens m\u00e5l og med bedre facilitering. Det f\u00e5r du ved fra start at stille skarpt p\u00e5, at workshoppen skal v\u00e6re v\u00e6rdiskabende. Bogen tilbyder en systematisk og tilg\u00e6ngelig ramme for, hvordan du planl\u00e6gger og afholder workshops, der skaber reel v\u00e6rdi &#8211; b\u00e5de for dem, som deltager i den, og for den organisation, der afholder workshoppen. Denne bog guider dig igennem den proces, det er at afholde en v\u00e6rdiskabende workshops fra start til slut. Bogen er beregnet til at blive brugt af dig, der ogs\u00e5 har travlt med alt mulig andet, og derfor er den kortfattet og g\u00e5r lige til sagen. Den trinvise tilgang til at planl\u00e6gge og afholde v\u00e6rdiskabende workshops og de mange eksempler, forklaringer og illustrationer hj\u00e6lper dig godt i gang. Om forfatterne Tine Wirenfeldt Jensen har undervist andre i at undervise og formidle i 20 \u00e5r. Hun er ph.d. i l\u00e6ring og uddannelse og er selvst\u00e6ndig uddannelseskonsulent, foredragsholder og forfatter i virksomheden METoDo. Hun er ogs\u00e5 ekstern adjunktvejleder ved Syddansk Universitet og har i en \u00e5rr\u00e6kke v\u00e6ret en del af censorkorpset for retorik. Tine Wirenfeldt Jensen har i \u00e5renes l\u00f8b afholdt hundredevis af workshops i uddannelsessektoren og for organisationer og virksomheder. Charlotte Albrechtsen har afholdt workshops gennem hele sit arbejdsliv. Hun er ph.d. i virksomhedskommunikation. Til daglig er Charlotte Albrechtsen selvst\u00e6ndig analysekonsulent i virksomheden Tovejs, hvor hun bl.a. bruger workshops til at inddrage brugere og andre parter i analyseprocesser.Sidel\u00f8bende hermed underviser hun ved Syddansk Universitet, og hun er serie-redakt\u00f8r for trin for trin-serien.Charlotte Albrechtsen har tidligere udgivet b\u00f8ger om personaer, brugertest og sp\u00f8rgeskemadesign.<\/p>\n","protected":false},"author":6,"featured_media":627,"parent":0,"menu_order":0,"comment_status":"closed","ping_status":"closed","template":"","meta":{"footnotes":""},"class_list":["post-82","page","type-page","status-publish","has-post-thumbnail","hentry"],"_links":{"self":[{"href":"https:\/\/trinfortrin.samfundslitteratur.dk\/index.php?rest_route=\/wp\/v2\/pages\/82","targetHints":{"allow":["GET"]}}],"collection":[{"href":"https:\/\/trinfortrin.samfundslitteratur.dk\/index.php?rest_route=\/wp\/v2\/pages"}],"about":[{"href":"https:\/\/trinfortrin.samfundslitteratur.dk\/index.php?rest_route=\/wp\/v2\/types\/page"}],"author":[{"embeddable":true,"href":"https:\/\/trinfortrin.samfundslitteratur.dk\/index.php?rest_route=\/wp\/v2\/users\/6"}],"replies":[{"embeddable":true,"href":"https:\/\/trinfortrin.samfundslitteratur.dk\/index.php?rest_route=%2Fwp%2Fv2%2Fcomments&post=82"}],"version-history":[{"count":8,"href":"https:\/\/trinfortrin.samfundslitteratur.dk\/index.php?rest_route=\/wp\/v2\/pages\/82\/revisions"}],"predecessor-version":[{"id":628,"href":"https:\/\/trinfortrin.samfundslitteratur.dk\/index.php?rest_route=\/wp\/v2\/pages\/82\/revisions\/628"}],"wp:featuredmedia":[{"embeddable":true,"href":"https:\/\/trinfortrin.samfundslitteratur.dk\/index.php?rest_route=\/wp\/v2\/media\/627"}],"wp:attachment":[{"href":"https:\/\/trinfortrin.samfundslitteratur.dk\/index.php?rest_route=%2Fwp%2Fv2%2Fmedia&parent=82"}],"curies":[{"name":"wp","href":"https:\/\/api.w.org\/{rel}","templated":true}]}}