{"id":756,"date":"2024-01-09T14:19:54","date_gmt":"2024-01-09T13:19:54","guid":{"rendered":"https:\/\/trinfortrin.samfundslitteratur.dk\/?page_id=756"},"modified":"2024-01-24T13:53:52","modified_gmt":"2024-01-24T12:53:52","slug":"kapitel-8-fase-4-formidling-af-interviews","status":"publish","type":"page","link":"https:\/\/trinfortrin.samfundslitteratur.dk\/?page_id=756","title":{"rendered":"Kapitel 8 &#8211; Fase 4: Formidling af interviews"},"content":{"rendered":"\n<h2 class=\"wp-block-heading\">Indhold:<\/h2>\n\n\n\n<ul class=\"wp-block-list\">\n<li><strong><a href=\"https:\/\/trinfortrin.samfundslitteratur.dk\/wp-content\/uploads\/2024\/01\/Interviews-Kapitel-8-Hvad-jeg-har-laert-om-formidling-pa-lyd-af-at-vaere-podcastvaert-1.pdf\" data-type=\"attachment\" data-id=\"787\" target=\"_blank\" rel=\"noreferrer noopener\">Hvad jeg har l\u00e6rt om formidling p\u00e5 lyd af at v\u00e6re podcastv\u00e6rt<\/a><\/strong><\/li>\n\n\n\n<li><strong><a href=\"https:\/\/trinfortrin.samfundslitteratur.dk\/wp-content\/uploads\/2024\/01\/Interviews-Kapitel-8-Om-at-formidle-interviewundersogelser-i-flere-typer-af-tekstformater-1.pdf\" data-type=\"attachment\" data-id=\"788\" target=\"_blank\" rel=\"noreferrer noopener\">Om at formidle interviewunders\u00f8gelser i flere typer af tekstformater<\/a><\/strong><\/li>\n<\/ul>\n\n\n\n<hr class=\"wp-block-separator has-alpha-channel-opacity is-style-wide\"\/>\n\n\n\n<h4 class=\"wp-block-heading\">Hvad jeg har l\u00e6rt om formidling p\u00e5 lyd af at v\u00e6re podcastv\u00e6rt<\/h4>\n\n\n\n<div data-wp-interactive=\"core\/file\" class=\"wp-block-file\"><object data-wp-bind--hidden=\"!state.hasPdfPreview\" hidden class=\"wp-block-file__embed\" data=\"https:\/\/trinfortrin.samfundslitteratur.dk\/wp-content\/uploads\/2024\/01\/Interviews-Kapitel-8-Hvad-jeg-har-laert-om-formidling-pa-lyd-af-at-vaere-podcastvaert-1.pdf\" type=\"application\/pdf\" style=\"width:100%;height:600px\" aria-label=\"Embed of Interviews - Kapitel 8 - Hvad jeg har l\u00e6rt om formidling p\u00e5 lyd af at v\u00e6re podcastv\u00e6rt.\"><\/object><a id=\"wp-block-file--media-acff634b-8b11-4263-b99a-faf326cf7e45\" href=\"https:\/\/trinfortrin.samfundslitteratur.dk\/wp-content\/uploads\/2024\/01\/Interviews-Kapitel-8-Hvad-jeg-har-laert-om-formidling-pa-lyd-af-at-vaere-podcastvaert-1.pdf\">Interviews &#8211; Kapitel 8 &#8211; Hvad jeg har l\u00e6rt om formidling p\u00e5 lyd af at v\u00e6re podcastv\u00e6rt<\/a><a href=\"https:\/\/trinfortrin.samfundslitteratur.dk\/wp-content\/uploads\/2024\/01\/Interviews-Kapitel-8-Hvad-jeg-har-laert-om-formidling-pa-lyd-af-at-vaere-podcastvaert-1.pdf\" class=\"wp-block-file__button wp-element-button\" download aria-describedby=\"wp-block-file--media-acff634b-8b11-4263-b99a-faf326cf7e45\">Download<\/a><\/div>\n\n\n\n<hr class=\"wp-block-separator has-alpha-channel-opacity is-style-wide\"\/>\n\n\n\n<h4 class=\"wp-block-heading\">Om at formidle interviewunders\u00f8gelser i flere typer af tekstformater<\/h4>\n\n\n\n<div data-wp-interactive=\"core\/file\" class=\"wp-block-file\"><object data-wp-bind--hidden=\"!state.hasPdfPreview\" hidden class=\"wp-block-file__embed\" data=\"https:\/\/trinfortrin.samfundslitteratur.dk\/wp-content\/uploads\/2024\/01\/Interviews-Kapitel-8-Om-at-formidle-interviewundersogelser-i-flere-typer-af-tekstformater-1.pdf\" type=\"application\/pdf\" style=\"width:100%;height:600px\" aria-label=\"Embed of Interviews - Kapitel 8 - Om at formidle interviewunders\u00f8gelser i flere typer af tekstformater.\"><\/object><a id=\"wp-block-file--media-ae3fdb11-5b3c-4536-a4dd-cd644b73192d\" href=\"https:\/\/trinfortrin.samfundslitteratur.dk\/wp-content\/uploads\/2024\/01\/Interviews-Kapitel-8-Om-at-formidle-interviewundersogelser-i-flere-typer-af-tekstformater-1.pdf\">Interviews &#8211; Kapitel 8 &#8211; Om at formidle interviewunders\u00f8gelser i flere typer af tekstformater<\/a><a href=\"https:\/\/trinfortrin.samfundslitteratur.dk\/wp-content\/uploads\/2024\/01\/Interviews-Kapitel-8-Om-at-formidle-interviewundersogelser-i-flere-typer-af-tekstformater-1.pdf\" class=\"wp-block-file__button wp-element-button\" download aria-describedby=\"wp-block-file--media-ae3fdb11-5b3c-4536-a4dd-cd644b73192d\">Download<\/a><\/div>\n","protected":false},"excerpt":{"rendered":"<p>Indhold: Hvad jeg har l\u00e6rt om formidling p\u00e5 lyd af at v\u00e6re podcastv\u00e6rt Om at formidle interviewunders\u00f8gelser i flere typer af tekstformater<\/p>\n","protected":false},"author":6,"featured_media":0,"parent":0,"menu_order":0,"comment_status":"closed","ping_status":"closed","template":"","meta":{"footnotes":""},"class_list":["post-756","page","type-page","status-publish","hentry"],"_links":{"self":[{"href":"https:\/\/trinfortrin.samfundslitteratur.dk\/index.php?rest_route=\/wp\/v2\/pages\/756","targetHints":{"allow":["GET"]}}],"collection":[{"href":"https:\/\/trinfortrin.samfundslitteratur.dk\/index.php?rest_route=\/wp\/v2\/pages"}],"about":[{"href":"https:\/\/trinfortrin.samfundslitteratur.dk\/index.php?rest_route=\/wp\/v2\/types\/page"}],"author":[{"embeddable":true,"href":"https:\/\/trinfortrin.samfundslitteratur.dk\/index.php?rest_route=\/wp\/v2\/users\/6"}],"replies":[{"embeddable":true,"href":"https:\/\/trinfortrin.samfundslitteratur.dk\/index.php?rest_route=%2Fwp%2Fv2%2Fcomments&post=756"}],"version-history":[{"count":5,"href":"https:\/\/trinfortrin.samfundslitteratur.dk\/index.php?rest_route=\/wp\/v2\/pages\/756\/revisions"}],"predecessor-version":[{"id":792,"href":"https:\/\/trinfortrin.samfundslitteratur.dk\/index.php?rest_route=\/wp\/v2\/pages\/756\/revisions\/792"}],"wp:attachment":[{"href":"https:\/\/trinfortrin.samfundslitteratur.dk\/index.php?rest_route=%2Fwp%2Fv2%2Fmedia&parent=756"}],"curies":[{"name":"wp","href":"https:\/\/api.w.org\/{rel}","templated":true}]}}