{"id":750,"date":"2024-01-09T14:16:34","date_gmt":"2024-01-09T13:16:34","guid":{"rendered":"https:\/\/trinfortrin.samfundslitteratur.dk\/?page_id=750"},"modified":"2024-01-09T14:25:07","modified_gmt":"2024-01-09T13:25:07","slug":"kapitel-7-fase-3-analyse-af-interviews","status":"publish","type":"page","link":"https:\/\/trinfortrin.samfundslitteratur.dk\/?page_id=750","title":{"rendered":"Kapitel 7 &#8211; Fase 3: Analyse af interviews"},"content":{"rendered":"\n<h2 class=\"wp-block-heading\">Indhold:<\/h2>\n\n\n\n<ul class=\"wp-block-list\">\n<li><strong>At s\u00e6tte i parentes &#8211; et vigtigt princip i den f\u00e6nomenologiske analyse<\/strong><\/li>\n\n\n\n<li><strong>Kritik af brugen af den f\u00e6nomenologiske analysemetode<\/strong><\/li>\n\n\n\n<li><strong>En udvidet gennemgang af den tematiske analyses seks trin<\/strong><\/li>\n<\/ul>\n\n\n\n<hr class=\"wp-block-separator has-alpha-channel-opacity is-style-wide\"\/>\n\n\n\n<h4 class=\"wp-block-heading\">At s\u00e6tte i parentes &#8211; et vigtigt princip i den f\u00e6nomenologiske analyse<\/h4>\n\n\n\n<div data-wp-interactive=\"core\/file\" class=\"wp-block-file\"><object data-wp-bind--hidden=\"!state.hasPdfPreview\" hidden class=\"wp-block-file__embed\" data=\"https:\/\/trinfortrin.samfundslitteratur.dk\/wp-content\/uploads\/2024\/01\/Interviews-Kapitel-7-At-saette-i-parentes.pdf\" type=\"application\/pdf\" style=\"width:100%;height:600px\" aria-label=\"Embed of Interviews - Kapitel 7 - At s\u00e6tte i parentes.\"><\/object><a id=\"wp-block-file--media-95820cc9-d710-4432-ab88-2faf6f39d198\" href=\"https:\/\/trinfortrin.samfundslitteratur.dk\/wp-content\/uploads\/2024\/01\/Interviews-Kapitel-7-At-saette-i-parentes.pdf\">Interviews &#8211; Kapitel 7 &#8211; At s\u00e6tte i parentes<\/a><a href=\"https:\/\/trinfortrin.samfundslitteratur.dk\/wp-content\/uploads\/2024\/01\/Interviews-Kapitel-7-At-saette-i-parentes.pdf\" class=\"wp-block-file__button wp-element-button\" download aria-describedby=\"wp-block-file--media-95820cc9-d710-4432-ab88-2faf6f39d198\">Download<\/a><\/div>\n\n\n\n<hr class=\"wp-block-separator has-alpha-channel-opacity is-style-wide\"\/>\n\n\n\n<h4 class=\"wp-block-heading\">Kritik af brugen af den f\u00e6nomenologiske analysemetode<\/h4>\n\n\n\n<div data-wp-interactive=\"core\/file\" class=\"wp-block-file\"><object data-wp-bind--hidden=\"!state.hasPdfPreview\" hidden class=\"wp-block-file__embed\" data=\"https:\/\/trinfortrin.samfundslitteratur.dk\/wp-content\/uploads\/2024\/01\/Interviews-Kapitel-7-Kritik-af-brugen-af-den-faenomenologiske-analysemetode.pdf\" type=\"application\/pdf\" style=\"width:100%;height:600px\" aria-label=\"Embed of Interviews - Kapitel 7 - Kritik af brugen af den f\u00e6nomenologiske analysemetode.\"><\/object><a id=\"wp-block-file--media-a320c1ac-2e99-418f-a3b7-548d6f5c4f03\" href=\"https:\/\/trinfortrin.samfundslitteratur.dk\/wp-content\/uploads\/2024\/01\/Interviews-Kapitel-7-Kritik-af-brugen-af-den-faenomenologiske-analysemetode.pdf\">Interviews &#8211; Kapitel 7 &#8211; Kritik af brugen af den f\u00e6nomenologiske analysemetode<\/a><a href=\"https:\/\/trinfortrin.samfundslitteratur.dk\/wp-content\/uploads\/2024\/01\/Interviews-Kapitel-7-Kritik-af-brugen-af-den-faenomenologiske-analysemetode.pdf\" class=\"wp-block-file__button wp-element-button\" download aria-describedby=\"wp-block-file--media-a320c1ac-2e99-418f-a3b7-548d6f5c4f03\">Download<\/a><\/div>\n\n\n\n<hr class=\"wp-block-separator has-alpha-channel-opacity is-style-wide\"\/>\n\n\n\n<h4 class=\"wp-block-heading\">En udvidet gennemgang af den tematiske analyses seks trin<\/h4>\n\n\n\n<div data-wp-interactive=\"core\/file\" class=\"wp-block-file\"><object data-wp-bind--hidden=\"!state.hasPdfPreview\" hidden class=\"wp-block-file__embed\" data=\"https:\/\/trinfortrin.samfundslitteratur.dk\/wp-content\/uploads\/2024\/01\/Interviews-Kapitel-7-En-udvidet-gennemgang-af-den-tematiske-analyses-seks-trin.pdf\" type=\"application\/pdf\" style=\"width:100%;height:600px\" aria-label=\"Embed of Interviews - Kapitel 7 - En udvidet gennemgang af den tematiske analyses seks trin.\"><\/object><a id=\"wp-block-file--media-7280b575-d33f-4324-b944-936733a12952\" href=\"https:\/\/trinfortrin.samfundslitteratur.dk\/wp-content\/uploads\/2024\/01\/Interviews-Kapitel-7-En-udvidet-gennemgang-af-den-tematiske-analyses-seks-trin.pdf\">Interviews &#8211; Kapitel 7 &#8211; En udvidet gennemgang af den tematiske analyses seks trin<\/a><a href=\"https:\/\/trinfortrin.samfundslitteratur.dk\/wp-content\/uploads\/2024\/01\/Interviews-Kapitel-7-En-udvidet-gennemgang-af-den-tematiske-analyses-seks-trin.pdf\" class=\"wp-block-file__button wp-element-button\" download aria-describedby=\"wp-block-file--media-7280b575-d33f-4324-b944-936733a12952\">Download<\/a><\/div>\n","protected":false},"excerpt":{"rendered":"<p>Indhold: At s\u00e6tte i parentes &#8211; et vigtigt princip i den f\u00e6nomenologiske analyse Kritik af brugen af den f\u00e6nomenologiske analysemetode En udvidet gennemgang af den tematiske analyses seks trin<\/p>\n","protected":false},"author":6,"featured_media":0,"parent":0,"menu_order":0,"comment_status":"closed","ping_status":"closed","template":"","meta":{"footnotes":""},"class_list":["post-750","page","type-page","status-publish","hentry"],"_links":{"self":[{"href":"https:\/\/trinfortrin.samfundslitteratur.dk\/index.php?rest_route=\/wp\/v2\/pages\/750","targetHints":{"allow":["GET"]}}],"collection":[{"href":"https:\/\/trinfortrin.samfundslitteratur.dk\/index.php?rest_route=\/wp\/v2\/pages"}],"about":[{"href":"https:\/\/trinfortrin.samfundslitteratur.dk\/index.php?rest_route=\/wp\/v2\/types\/page"}],"author":[{"embeddable":true,"href":"https:\/\/trinfortrin.samfundslitteratur.dk\/index.php?rest_route=\/wp\/v2\/users\/6"}],"replies":[{"embeddable":true,"href":"https:\/\/trinfortrin.samfundslitteratur.dk\/index.php?rest_route=%2Fwp%2Fv2%2Fcomments&post=750"}],"version-history":[{"count":3,"href":"https:\/\/trinfortrin.samfundslitteratur.dk\/index.php?rest_route=\/wp\/v2\/pages\/750\/revisions"}],"predecessor-version":[{"id":776,"href":"https:\/\/trinfortrin.samfundslitteratur.dk\/index.php?rest_route=\/wp\/v2\/pages\/750\/revisions\/776"}],"wp:attachment":[{"href":"https:\/\/trinfortrin.samfundslitteratur.dk\/index.php?rest_route=%2Fwp%2Fv2%2Fmedia&parent=750"}],"curies":[{"name":"wp","href":"https:\/\/api.w.org\/{rel}","templated":true}]}}