{"id":709,"date":"2024-01-08T15:35:02","date_gmt":"2024-01-08T14:35:02","guid":{"rendered":"https:\/\/trinfortrin.samfundslitteratur.dk\/?page_id=709"},"modified":"2024-01-09T14:26:32","modified_gmt":"2024-01-09T13:26:32","slug":"kapitel-2-hvad-er-et-interview","status":"publish","type":"page","link":"https:\/\/trinfortrin.samfundslitteratur.dk\/?page_id=709","title":{"rendered":"Kapitel 2 &#8211; Hvad er et interview?"},"content":{"rendered":"\n<h2 class=\"wp-block-heading\">Indhold<\/h2>\n\n\n\n<ul class=\"wp-block-list\">\n<li><strong>Gratis l\u00e6sepr\u00f8ve af bogens Kapitel 2: &#8220;Hvad er et interview, og hvorn\u00e5r skal du interviewe?&#8221;<\/strong><\/li>\n\n\n\n<li><strong>Former for interviews<\/strong><\/li>\n\n\n\n<li><strong>Hvad er et interview s\u00e6rligt egnet til, og hvilke begr\u00e6nsninger er der?<\/strong><\/li>\n\n\n\n<li><strong>Interviewmetodens gyldighed og relevans<\/strong><\/li>\n<\/ul>\n\n\n\n<hr class=\"wp-block-separator has-alpha-channel-opacity is-style-wide\"\/>\n\n\n\n<h4 class=\"wp-block-heading\">Gratis version af kapitlet &#8220;Hvad er et interview, og hvorn\u00e5r skal du interviewe?&#8221;<\/h4>\n\n\n\n<hr class=\"wp-block-separator has-alpha-channel-opacity is-style-dots\"\/>\n\n\n\n<p>L\u00e6s i gratisversionen ved at klikke p\u00e5 linket nedenfor<\/p>\n\n\n\n<div class=\"wp-block-buttons is-layout-flex wp-block-buttons-is-layout-flex\">\n<div class=\"wp-block-button is-style-fill\"><a class=\"wp-block-button__link wp-element-button\" href=\"https:\/\/wildside.ipapercms.dk\/SLFonden\/SLforlagene\/Samfundslitteratur\/Titler\/gratis-laeseproeve-laererige-interviews-trin-for-trin\/?page=1\" target=\"_blank\" rel=\"noreferrer noopener\">L\u00e6s kapitlet her<\/a><\/div>\n<\/div>\n\n\n\n<hr class=\"wp-block-separator has-alpha-channel-opacity is-style-wide\"\/>\n\n\n\n<h4 class=\"wp-block-heading\">Former for interviews<\/h4>\n\n\n\n<div data-wp-interactive=\"core\/file\" class=\"wp-block-file\"><object data-wp-bind--hidden=\"!state.hasPdfPreview\" hidden class=\"wp-block-file__embed\" data=\"https:\/\/trinfortrin.samfundslitteratur.dk\/wp-content\/uploads\/2024\/01\/Interviews-Kapitel-2-Former-for-interviews.pdf\" type=\"application\/pdf\" style=\"width:100%;height:600px\" aria-label=\"Embed of Interviews - Kapitel 2 - Former for interviews.\"><\/object><a id=\"wp-block-file--media-bd8e3fa8-684d-4c7f-8fad-041ef9e80179\" href=\"https:\/\/trinfortrin.samfundslitteratur.dk\/wp-content\/uploads\/2024\/01\/Interviews-Kapitel-2-Former-for-interviews.pdf\">Interviews &#8211; Kapitel 2 &#8211; Former for interviews<\/a><a href=\"https:\/\/trinfortrin.samfundslitteratur.dk\/wp-content\/uploads\/2024\/01\/Interviews-Kapitel-2-Former-for-interviews.pdf\" class=\"wp-block-file__button wp-element-button\" download aria-describedby=\"wp-block-file--media-bd8e3fa8-684d-4c7f-8fad-041ef9e80179\">Download<\/a><\/div>\n\n\n\n<hr class=\"wp-block-separator has-alpha-channel-opacity\"\/>\n\n\n\n<h4 class=\"wp-block-heading\">Hvad er et interview s\u00e6rligt velegnet til, og hvilke begr\u00e6nsninger er der?<\/h4>\n\n\n\n<div data-wp-interactive=\"core\/file\" class=\"wp-block-file\"><object data-wp-bind--hidden=\"!state.hasPdfPreview\" hidden class=\"wp-block-file__embed\" data=\"https:\/\/trinfortrin.samfundslitteratur.dk\/wp-content\/uploads\/2024\/01\/Interviews-Kapitel-2-Hvad-er-et-interview-saerligt-velegenet-til.pdf\" type=\"application\/pdf\" style=\"width:100%;height:600px\" aria-label=\"Embed of Interviews - Kapitel 2 - Hvad er et interview saerligt velegenet til.\"><\/object><a id=\"wp-block-file--media-6f3c40f2-2a94-4cd7-bafd-5dd8e958c1be\" href=\"https:\/\/trinfortrin.samfundslitteratur.dk\/wp-content\/uploads\/2024\/01\/Interviews-Kapitel-2-Hvad-er-et-interview-saerligt-velegenet-til.pdf\">Interviews &#8211; Kapitel 2 &#8211; Hvad er et interview saerligt velegenet til<\/a><a href=\"https:\/\/trinfortrin.samfundslitteratur.dk\/wp-content\/uploads\/2024\/01\/Interviews-Kapitel-2-Hvad-er-et-interview-saerligt-velegenet-til.pdf\" class=\"wp-block-file__button wp-element-button\" download aria-describedby=\"wp-block-file--media-6f3c40f2-2a94-4cd7-bafd-5dd8e958c1be\">Download<\/a><\/div>\n\n\n\n<hr class=\"wp-block-separator has-alpha-channel-opacity is-style-wide\"\/>\n\n\n\n<h4 class=\"wp-block-heading\">Interviewmetodens gyldighed og relevans<\/h4>\n\n\n\n<div data-wp-interactive=\"core\/file\" class=\"wp-block-file\"><object data-wp-bind--hidden=\"!state.hasPdfPreview\" hidden class=\"wp-block-file__embed\" data=\"https:\/\/trinfortrin.samfundslitteratur.dk\/wp-content\/uploads\/2024\/01\/Interviews-Kapitel-2-Interviewmetodens-gyldighed-og-relevans.pdf\" type=\"application\/pdf\" style=\"width:100%;height:600px\" aria-label=\"Embed of Interviews - Kapitel 2 - Interviewmetodens gyldighed og relevans.\"><\/object><a id=\"wp-block-file--media-3159830b-26e7-4ebf-8063-803988ab1686\" href=\"https:\/\/trinfortrin.samfundslitteratur.dk\/wp-content\/uploads\/2024\/01\/Interviews-Kapitel-2-Interviewmetodens-gyldighed-og-relevans.pdf\">Interviews &#8211; Kapitel 2 &#8211; Interviewmetodens gyldighed og relevans<\/a><a href=\"https:\/\/trinfortrin.samfundslitteratur.dk\/wp-content\/uploads\/2024\/01\/Interviews-Kapitel-2-Interviewmetodens-gyldighed-og-relevans.pdf\" class=\"wp-block-file__button wp-element-button\" download aria-describedby=\"wp-block-file--media-3159830b-26e7-4ebf-8063-803988ab1686\">Download<\/a><\/div>\n","protected":false},"excerpt":{"rendered":"<p>Indhold Gratis version af kapitlet &#8220;Hvad er et interview, og hvorn\u00e5r skal du interviewe?&#8221; L\u00e6s i gratisversionen ved at klikke p\u00e5 linket nedenfor Former for interviews Hvad er et interview s\u00e6rligt velegnet til, og hvilke begr\u00e6nsninger er der? Interviewmetodens gyldighed og relevans<\/p>\n","protected":false},"author":6,"featured_media":0,"parent":0,"menu_order":0,"comment_status":"closed","ping_status":"closed","template":"","meta":{"footnotes":""},"class_list":["post-709","page","type-page","status-publish","hentry"],"_links":{"self":[{"href":"https:\/\/trinfortrin.samfundslitteratur.dk\/index.php?rest_route=\/wp\/v2\/pages\/709","targetHints":{"allow":["GET"]}}],"collection":[{"href":"https:\/\/trinfortrin.samfundslitteratur.dk\/index.php?rest_route=\/wp\/v2\/pages"}],"about":[{"href":"https:\/\/trinfortrin.samfundslitteratur.dk\/index.php?rest_route=\/wp\/v2\/types\/page"}],"author":[{"embeddable":true,"href":"https:\/\/trinfortrin.samfundslitteratur.dk\/index.php?rest_route=\/wp\/v2\/users\/6"}],"replies":[{"embeddable":true,"href":"https:\/\/trinfortrin.samfundslitteratur.dk\/index.php?rest_route=%2Fwp%2Fv2%2Fcomments&post=709"}],"version-history":[{"count":18,"href":"https:\/\/trinfortrin.samfundslitteratur.dk\/index.php?rest_route=\/wp\/v2\/pages\/709\/revisions"}],"predecessor-version":[{"id":779,"href":"https:\/\/trinfortrin.samfundslitteratur.dk\/index.php?rest_route=\/wp\/v2\/pages\/709\/revisions\/779"}],"wp:attachment":[{"href":"https:\/\/trinfortrin.samfundslitteratur.dk\/index.php?rest_route=%2Fwp%2Fv2%2Fmedia&parent=709"}],"curies":[{"name":"wp","href":"https:\/\/api.w.org\/{rel}","templated":true}]}}