{"id":642,"date":"2023-05-11T13:33:19","date_gmt":"2023-05-11T11:33:19","guid":{"rendered":"https:\/\/trinfortrin.samfundslitteratur.dk\/?page_id=642"},"modified":"2023-05-12T12:21:01","modified_gmt":"2023-05-12T10:21:01","slug":"mobiletnografi","status":"publish","type":"page","link":"https:\/\/trinfortrin.samfundslitteratur.dk\/?page_id=642","title":{"rendered":"Mobiletnografi"},"content":{"rendered":"\n<p>M\u00e5lgruppens respons p\u00e5 virksomhedens nye produkt er ikke som forventet. Masser af potentielle kunder har i sp\u00f8rgeskemaer og interviews h\u00e6vdet, at de ville k\u00f8be produktet. Men det sker ikke. Kunderne siger \u00e9t, men g\u00f8r noget andet \u2013 hvorfor? Det vil du gerne unders\u00f8ge. Men du har ikke tid til at foretage langvarige observationer blandt m\u00e5lgruppen, som i \u00f8vrigt er spredt over hele landet.<\/p>\n\n\n\n<p>Derfor beslutter du dig for at gennemf\u00f8re en mobiletnografisk unders\u00f8gelse, hvor kunderne selv dokumenterer deres hverdag ved hj\u00e6lp af deres smartphone. Det sker ved, at de besvarer opgaver og sp\u00f8rgsm\u00e5l, du stiller dem. Med telefonen som stedfortr\u00e6der kommer du med ind i deltagernes private hjem og andre steder, hvor det ellers ville v\u00e6re sv\u00e6rt at v\u00e6re med. Du f\u00e5r et n\u00e6rt og detaljerigt indblik i deres hverdag og en dyb forst\u00e5else for den kontekst, virksomhedens produkt skal passe ind i.<\/p>\n\n\n\n<p>Denne bog guider igennem den proces, det er at gennemf\u00f8re en mobiletnografisk unders\u00f8gelse fra start til slut.<\/p>\n\n\n\n<p>Bogen er beregnet til at blive brugt af dig, der ogs\u00e5 har travlt med alt muligt andet, og derfor er den kortfattet og g\u00e5r lige til sagen. Bogens trinvise tilgang til den mobiletnografiske metode og de mange eksempler, forklaringer og illustrationer hj\u00e6lper dig godt i gang.<\/p>\n\n\n\n<p>Du kan l\u00e6se bogen i dag og g\u00e5 i gang med at forberede din mobiletnografiske unders\u00f8gelse i morgen.<\/p>\n\n\n\n<div class=\"wp-block-buttons is-horizontal is-content-justification-center is-layout-flex wp-container-core-buttons-is-layout-499968f5 wp-block-buttons-is-layout-flex\">\n<div class=\"wp-block-button is-style-fill\"><a class=\"wp-block-button__link has-text-color has-background wp-element-button\" href=\"https:\/\/samfundslitteratur.dk\/bog\/valide-personaer-trin-trin\" style=\"border-radius:2px;color:#fffffa;background-color:#88a9ab\" target=\"_blank\" rel=\"noreferrer noopener\">K\u00f8b bogen her<\/a><\/div>\n<\/div>\n\n\n\n<hr class=\"wp-block-separator has-alpha-channel-opacity\"\/>\n\n\n\n<div class=\"wp-block-buttons is-content-justification-center is-layout-flex wp-container-core-buttons-is-layout-16018d1d wp-block-buttons-is-layout-flex\">\n<div class=\"wp-block-button is-style-fill\"><a class=\"wp-block-button__link wp-element-button\" href=\"https:\/\/trinfortrin.samfundslitteratur.dk\/?page_id=649\">Kapitel 2<\/a><\/div>\n\n\n\n<div class=\"wp-block-button is-style-fill\"><a class=\"wp-block-button__link wp-element-button\" href=\"https:\/\/trinfortrin.samfundslitteratur.dk\/?page_id=655\">Kapitel 5<\/a><\/div>\n\n\n\n<div class=\"wp-block-button is-style-fill\"><a class=\"wp-block-button__link wp-element-button\" href=\"https:\/\/trinfortrin.samfundslitteratur.dk\/?page_id=661\">Kapitel 6<\/a><\/div>\n\n\n\n<div class=\"wp-block-button is-style-fill\"><a class=\"wp-block-button__link wp-element-button\" href=\"https:\/\/trinfortrin.samfundslitteratur.dk\/?page_id=666\">Kapitel 7<\/a><\/div>\n\n\n\n<div class=\"wp-block-button is-style-fill\"><a class=\"wp-block-button__link wp-element-button\" href=\"https:\/\/trinfortrin.samfundslitteratur.dk\/?page_id=670\">Kapitel 8<\/a><\/div>\n\n\n\n<div class=\"wp-block-button is-style-fill\"><a class=\"wp-block-button__link wp-element-button\" href=\"https:\/\/trinfortrin.samfundslitteratur.dk\/?page_id=673\">Kapitel 9<\/a><\/div>\n<\/div>\n\n\n\n<hr class=\"wp-block-separator has-alpha-channel-opacity\"\/>\n\n\n\n<h4 class=\"wp-block-heading\">Om forfatterne<\/h4>\n\n\n\n<p><strong>Charlotte Albrechtsen<\/strong> har arbejdet med personaer i det offentlige, det private og i foreninger. Hun er cand.mag. i litteraturhistorie og antropologi og ph.d. i virksomhedskommunikation.<br>Til daglig er Charlotte Albrechtsen selvst\u00e6ndig analysekonsulent i virksomheden Tovejs. Sidel\u00f8bende hermed underviser hun i kvalitativ metode og unders\u00f8gelsesdesign ved Syddansk Universitet, og hun er serieredakt\u00f8r for trin for trin-serien.<br>Charlotte Albrechtsen har tidligere udgivet b\u00f8ger om storytelling i organisationer, sp\u00f8rgeskemadesign og CV-skrivning. Desuden har hun udgivet langt over hundrede blogindl\u00e6g om brugerunders\u00f8gende metoder p\u00e5 Tovejs.dk\/blog.<\/p>\n\n\n\n<p><\/p>\n\n\n\n<p><strong>Helena Linde Pedersen<\/strong> er uddannet erhvervsantropolog og anvender aktuelt mobiletnografi og andre kvalitative metoder i i sit arbejde som user i fintech-sektoren. <br>Helena Linde Pedersen var blandt de f\u00f8rste i Danmark til at anvende mobiletnografi i kommerciel sammenh\u00e6ng og har 2016 gennemf\u00f8rt eller konsulteret p\u00e5 mere end 50 mobiletnografiske unders\u00f8gelser. <br>Som strategisk analysekonsulent har hun r\u00e5dgivet virksomheder s\u00e5som Novo Nordisk, DBS, Danica Pension, DR, Clever og Nuuday samt organisationer som Kr\u00e6ftens Bek\u00e6mpelse og Forbrugerr\u00e5det T\u00e6nk. <\/p>\n\n\n\n<p><\/p>\n","protected":false},"excerpt":{"rendered":"<p>M\u00e5lgruppens respons p\u00e5 virksomhedens nye produkt er ikke som forventet. Masser af potentielle kunder har i sp\u00f8rgeskemaer og interviews h\u00e6vdet, at de ville k\u00f8be produktet. Men det sker ikke. Kunderne siger \u00e9t, men g\u00f8r noget andet \u2013 hvorfor? Det vil du gerne unders\u00f8ge. Men du har ikke tid til at foretage langvarige observationer blandt m\u00e5lgruppen, som i \u00f8vrigt er spredt over hele landet. Derfor beslutter du dig for at gennemf\u00f8re en mobiletnografisk unders\u00f8gelse, hvor kunderne selv dokumenterer deres hverdag ved hj\u00e6lp af deres smartphone. Det sker ved, at de besvarer opgaver og sp\u00f8rgsm\u00e5l, du stiller dem. Med telefonen som stedfortr\u00e6der kommer du med ind i deltagernes private hjem og andre steder, hvor det ellers ville v\u00e6re sv\u00e6rt at v\u00e6re med. Du f\u00e5r et n\u00e6rt og detaljerigt indblik i deres hverdag og en dyb forst\u00e5else for den kontekst, virksomhedens produkt skal passe ind i. Denne bog guider igennem den proces, det er at gennemf\u00f8re en mobiletnografisk unders\u00f8gelse fra start til slut. Bogen er beregnet til at blive brugt af dig, der ogs\u00e5 har travlt med alt muligt andet, og derfor er den kortfattet og g\u00e5r lige til sagen. Bogens trinvise tilgang til den mobiletnografiske metode og de mange eksempler, forklaringer og illustrationer hj\u00e6lper dig godt i gang. Du kan l\u00e6se bogen i dag og g\u00e5 i gang med at forberede din mobiletnografiske unders\u00f8gelse i morgen. Om forfatterne Charlotte Albrechtsen har arbejdet med personaer i det offentlige, det private og i foreninger. Hun er cand.mag. i litteraturhistorie og antropologi og ph.d. i virksomhedskommunikation.Til daglig er Charlotte Albrechtsen selvst\u00e6ndig analysekonsulent i virksomheden Tovejs. Sidel\u00f8bende hermed underviser hun i kvalitativ metode og unders\u00f8gelsesdesign ved Syddansk Universitet, og hun er serieredakt\u00f8r for trin for trin-serien.Charlotte Albrechtsen har tidligere udgivet b\u00f8ger om storytelling i organisationer, sp\u00f8rgeskemadesign og CV-skrivning. Desuden har hun udgivet langt over hundrede blogindl\u00e6g om brugerunders\u00f8gende metoder p\u00e5 Tovejs.dk\/blog. Helena Linde Pedersen er uddannet erhvervsantropolog og anvender aktuelt mobiletnografi og andre kvalitative metoder i i sit arbejde som user i fintech-sektoren. Helena Linde Pedersen var blandt de f\u00f8rste i Danmark til at anvende mobiletnografi i kommerciel sammenh\u00e6ng og har 2016 gennemf\u00f8rt eller konsulteret p\u00e5 mere end 50 mobiletnografiske unders\u00f8gelser. Som strategisk analysekonsulent har hun r\u00e5dgivet virksomheder s\u00e5som Novo Nordisk, DBS, Danica Pension, DR, Clever og Nuuday samt organisationer som Kr\u00e6ftens Bek\u00e6mpelse og Forbrugerr\u00e5det T\u00e6nk.<\/p>\n","protected":false},"author":6,"featured_media":692,"parent":0,"menu_order":0,"comment_status":"closed","ping_status":"closed","template":"","meta":{"footnotes":""},"class_list":["post-642","page","type-page","status-publish","has-post-thumbnail","hentry"],"_links":{"self":[{"href":"https:\/\/trinfortrin.samfundslitteratur.dk\/index.php?rest_route=\/wp\/v2\/pages\/642","targetHints":{"allow":["GET"]}}],"collection":[{"href":"https:\/\/trinfortrin.samfundslitteratur.dk\/index.php?rest_route=\/wp\/v2\/pages"}],"about":[{"href":"https:\/\/trinfortrin.samfundslitteratur.dk\/index.php?rest_route=\/wp\/v2\/types\/page"}],"author":[{"embeddable":true,"href":"https:\/\/trinfortrin.samfundslitteratur.dk\/index.php?rest_route=\/wp\/v2\/users\/6"}],"replies":[{"embeddable":true,"href":"https:\/\/trinfortrin.samfundslitteratur.dk\/index.php?rest_route=%2Fwp%2Fv2%2Fcomments&post=642"}],"version-history":[{"count":10,"href":"https:\/\/trinfortrin.samfundslitteratur.dk\/index.php?rest_route=\/wp\/v2\/pages\/642\/revisions"}],"predecessor-version":[{"id":688,"href":"https:\/\/trinfortrin.samfundslitteratur.dk\/index.php?rest_route=\/wp\/v2\/pages\/642\/revisions\/688"}],"wp:featuredmedia":[{"embeddable":true,"href":"https:\/\/trinfortrin.samfundslitteratur.dk\/index.php?rest_route=\/wp\/v2\/media\/692"}],"wp:attachment":[{"href":"https:\/\/trinfortrin.samfundslitteratur.dk\/index.php?rest_route=%2Fwp%2Fv2%2Fmedia&parent=642"}],"curies":[{"name":"wp","href":"https:\/\/api.w.org\/{rel}","templated":true}]}}