{"id":36,"date":"2021-03-29T10:24:43","date_gmt":"2021-03-29T08:24:43","guid":{"rendered":"https:\/\/trinfortrin.samfundslitteratur.dk\/?page_id=36"},"modified":"2021-10-19T10:58:32","modified_gmt":"2021-10-19T08:58:32","slug":"kapitel-6","status":"publish","type":"page","link":"https:\/\/trinfortrin.samfundslitteratur.dk\/?page_id=36","title":{"rendered":"Kapitel 6 &#8211; Fase 2: Rekruttering"},"content":{"rendered":"\n<h4 class=\"wp-block-heading\">Rekrutteringskriterier<strong>&nbsp;<\/strong><\/h4>\n\n\n\n<div data-wp-interactive=\"core\/file\" class=\"wp-block-file\"><object data-wp-bind--hidden=\"!state.hasPdfPreview\" hidden class=\"wp-block-file__embed\" data=\"https:\/\/trinfortrin.samfundslitteratur.dk\/wp-content\/uploads\/2021\/09\/Brugertest-Kap.-6-Rekrutteringskriterier.pdf\" type=\"application\/pdf\" style=\"width:100%;height:600px\" aria-label=\"Embed of Embed of Brugertest-Kap.-6-Rekrutteringskriterier..\"><\/object><a href=\"https:\/\/trinfortrin.samfundslitteratur.dk\/wp-content\/uploads\/2021\/09\/Brugertest-Kap.-6-Rekrutteringskriterier.pdf\">Brugertest-Kap.-6-Rekrutteringskriterier<\/a><a href=\"https:\/\/trinfortrin.samfundslitteratur.dk\/wp-content\/uploads\/2021\/09\/Brugertest-Kap.-6-Rekrutteringskriterier.pdf\" class=\"wp-block-file__button\" download>Download<\/a><\/div>\n\n\n\n<hr class=\"wp-block-separator\"\/>\n\n\n\n<div style=\"height:100px\" aria-hidden=\"true\" class=\"wp-block-spacer\"><\/div>\n\n\n\n<h4 class=\"wp-block-heading\">Eksempel p\u00e5 en rekrutteringstekst<\/h4>\n\n\n\n<div data-wp-interactive=\"core\/file\" class=\"wp-block-file\"><object data-wp-bind--hidden=\"!state.hasPdfPreview\" hidden class=\"wp-block-file__embed\" data=\"https:\/\/trinfortrin.samfundslitteratur.dk\/wp-content\/uploads\/2021\/09\/Brugertest-Kap.-6-Eksempel-pa-en-rekrutteringstest.pdf\" type=\"application\/pdf\" style=\"width:100%;height:600px\" aria-label=\"Embed of Embed of Brugertest-Kap.-6-Eksempel-pa-en-rekrutteringstest..\"><\/object><a href=\"https:\/\/trinfortrin.samfundslitteratur.dk\/wp-content\/uploads\/2021\/09\/Brugertest-Kap.-6-Eksempel-pa-en-rekrutteringstest.pdf\">Brugertest-Kap.-6-Eksempel-pa-en-rekrutteringstest<\/a><a href=\"https:\/\/trinfortrin.samfundslitteratur.dk\/wp-content\/uploads\/2021\/09\/Brugertest-Kap.-6-Eksempel-pa-en-rekrutteringstest.pdf\" class=\"wp-block-file__button\" download>Download<\/a><\/div>\n\n\n\n<hr class=\"wp-block-separator\"\/>\n\n\n\n<div style=\"height:100px\" aria-hidden=\"true\" class=\"wp-block-spacer\"><\/div>\n\n\n\n<h4 class=\"wp-block-heading\">Deltagerskema<\/h4>\n\n\n\n<p>Du kan lade dig inspirere af dette skema, n\u00e5r du skal rekruttere deltagere til dine brugertest. Skemaet skal selvf\u00f8lgelig tilpasses til dit projekt. Det er fx ikke sikkert, at du opererer med to m\u00e5lgrupper, og m\u00e5lgrupperne kan v\u00e6re kendetegnet ved andet end alder. M\u00e5ske har du ikke brug for at notere deltagernes holdning til et emne eller produkt, men fx deres erfaring inden for et bestemt omr\u00e5de \u2013 eller noget helt tredje.<\/p>\n\n\n\n<div class=\"wp-block-group\"><div class=\"wp-block-group__inner-container is-layout-flow wp-block-group-is-layout-flow\">\n<div data-wp-interactive=\"core\/file\" class=\"wp-block-file\"><object data-wp-bind--hidden=\"!state.hasPdfPreview\" hidden class=\"wp-block-file__embed\" data=\"https:\/\/trinfortrin.samfundslitteratur.dk\/wp-content\/uploads\/2021\/09\/Brugertest-Kap.-6-Deltagerskema.pdf\" type=\"application\/pdf\" style=\"width:100%;height:430px\" aria-label=\"Embed of Embed of Brugertest-Kap.-6-Deltagerskema..\"><\/object><a href=\"https:\/\/trinfortrin.samfundslitteratur.dk\/wp-content\/uploads\/2021\/09\/Brugertest-Kap.-6-Deltagerskema.pdf\">Brugertest-Kap.-6-Deltagerskema<\/a><a href=\"https:\/\/trinfortrin.samfundslitteratur.dk\/wp-content\/uploads\/2021\/09\/Brugertest-Kap.-6-Deltagerskema.pdf\" class=\"wp-block-file__button\" download>Download<\/a><\/div>\n\n\n\n<hr class=\"wp-block-separator\"\/>\n\n\n\n<div style=\"height:100px\" aria-hidden=\"true\" class=\"wp-block-spacer\"><\/div>\n\n\n\n<h4 class=\"wp-block-heading\"><strong>Praktisk tjekliste<\/strong><\/h4>\n\n\n\n<p>Brug denne tjekliste til at f\u00e5 styr p\u00e5 det praktiske, inden du afholder en brugertest<strong>.<\/strong><\/p>\n\n\n\n<div data-wp-interactive=\"core\/file\" class=\"wp-block-file\"><object data-wp-bind--hidden=\"!state.hasPdfPreview\" hidden class=\"wp-block-file__embed\" data=\"https:\/\/trinfortrin.samfundslitteratur.dk\/wp-content\/uploads\/2021\/09\/Brugertest-Kap.-6-Praktisk-tjekliste.pdf\" type=\"application\/pdf\" style=\"width:100%;height:410px\" aria-label=\"Embed of Embed of Brugertest-Kap.-6-Praktisk-tjekliste..\"><\/object><a href=\"https:\/\/trinfortrin.samfundslitteratur.dk\/wp-content\/uploads\/2021\/09\/Brugertest-Kap.-6-Praktisk-tjekliste.pdf\">Brugertest-Kap.-6-Praktisk-tjekliste<\/a><a href=\"https:\/\/trinfortrin.samfundslitteratur.dk\/wp-content\/uploads\/2021\/09\/Brugertest-Kap.-6-Praktisk-tjekliste.pdf\" class=\"wp-block-file__button\" download>Download<\/a><\/div>\n<\/div><\/div>\n\n\n\n<div class=\"wp-block-buttons is-content-justification-center is-layout-flex wp-block-buttons-is-layout-flex\">\n<div class=\"wp-block-button\"><a class=\"wp-block-button__link has-text-color has-background\" href=\"https:\/\/samfundslitteratur.dk\/bog\/effektive-brugertest-trin-trin\" style=\"border-radius:2px;background-color:#88a9ab;color:#fffffa\">K\u00f8b bogen her<\/a><\/div>\n<\/div>\n\n\n\n<p><\/p>\n","protected":false},"excerpt":{"rendered":"<p>Rekrutteringskriterier&nbsp; Eksempel p\u00e5 en rekrutteringstekst Deltagerskema Du kan lade dig inspirere af dette skema, n\u00e5r du skal rekruttere deltagere til dine brugertest. Skemaet skal selvf\u00f8lgelig tilpasses til dit projekt. Det er fx ikke sikkert, at du opererer med to m\u00e5lgrupper, og m\u00e5lgrupperne kan v\u00e6re kendetegnet ved andet end alder. M\u00e5ske har du ikke brug for at notere deltagernes holdning til et emne eller produkt, men fx deres erfaring inden for et bestemt omr\u00e5de \u2013 eller noget helt tredje. Praktisk tjekliste Brug denne tjekliste til at f\u00e5 styr p\u00e5 det praktiske, inden du afholder en brugertest.<\/p>\n","protected":false},"author":6,"featured_media":0,"parent":18,"menu_order":3,"comment_status":"closed","ping_status":"closed","template":"","meta":{"footnotes":""},"class_list":["post-36","page","type-page","status-publish","hentry"],"_links":{"self":[{"href":"https:\/\/trinfortrin.samfundslitteratur.dk\/index.php?rest_route=\/wp\/v2\/pages\/36","targetHints":{"allow":["GET"]}}],"collection":[{"href":"https:\/\/trinfortrin.samfundslitteratur.dk\/index.php?rest_route=\/wp\/v2\/pages"}],"about":[{"href":"https:\/\/trinfortrin.samfundslitteratur.dk\/index.php?rest_route=\/wp\/v2\/types\/page"}],"author":[{"embeddable":true,"href":"https:\/\/trinfortrin.samfundslitteratur.dk\/index.php?rest_route=\/wp\/v2\/users\/6"}],"replies":[{"embeddable":true,"href":"https:\/\/trinfortrin.samfundslitteratur.dk\/index.php?rest_route=%2Fwp%2Fv2%2Fcomments&post=36"}],"version-history":[{"count":17,"href":"https:\/\/trinfortrin.samfundslitteratur.dk\/index.php?rest_route=\/wp\/v2\/pages\/36\/revisions"}],"predecessor-version":[{"id":532,"href":"https:\/\/trinfortrin.samfundslitteratur.dk\/index.php?rest_route=\/wp\/v2\/pages\/36\/revisions\/532"}],"up":[{"embeddable":true,"href":"https:\/\/trinfortrin.samfundslitteratur.dk\/index.php?rest_route=\/wp\/v2\/pages\/18"}],"wp:attachment":[{"href":"https:\/\/trinfortrin.samfundslitteratur.dk\/index.php?rest_route=%2Fwp%2Fv2%2Fmedia&parent=36"}],"curies":[{"name":"wp","href":"https:\/\/api.w.org\/{rel}","templated":true}]}}