{"id":102,"date":"2021-03-30T10:17:44","date_gmt":"2021-03-30T08:17:44","guid":{"rendered":"https:\/\/trinfortrin.samfundslitteratur.dk\/?page_id=102"},"modified":"2021-10-01T11:39:38","modified_gmt":"2021-10-01T09:39:38","slug":"kapitel-6","status":"publish","type":"page","link":"https:\/\/trinfortrin.samfundslitteratur.dk\/?page_id=102","title":{"rendered":"Kapitel 6 &#8211; Fase 2: Analyse"},"content":{"rendered":"\n<h4 class=\"wp-block-heading\"><strong>Arbejdsark til at f\u00e5 overblik over dine data <\/strong><\/h4>\n\n\n\n<div data-wp-interactive=\"core\/file\" class=\"wp-block-file\"><object data-wp-bind--hidden=\"!state.hasPdfPreview\" hidden class=\"wp-block-file__embed\" data=\"https:\/\/trinfortrin.samfundslitteratur.dk\/wp-content\/uploads\/2021\/09\/Personaer-Kap.-6-Overblik-over-data.pdf\" type=\"application\/pdf\" style=\"width:100%;height:420px\" aria-label=\"Embed of Embed of Personaer-Kap.-6-Overblik-over-data..\"><\/object><a href=\"https:\/\/trinfortrin.samfundslitteratur.dk\/wp-content\/uploads\/2021\/09\/Personaer-Kap.-6-Overblik-over-data.pdf\">Personaer-Kap.-6-Overblik-over-data<\/a><a href=\"https:\/\/trinfortrin.samfundslitteratur.dk\/wp-content\/uploads\/2021\/09\/Personaer-Kap.-6-Overblik-over-data.pdf\" class=\"wp-block-file__button\" download>Download<\/a><\/div>\n\n\n\n<hr class=\"wp-block-separator\"\/>\n\n\n\n<h4 class=\"wp-block-heading\"><strong>Sp\u00f8rgsm\u00e5l, du kan stille dig selv i analysefasens trin 3 for at identificere m\u00f8nstre i dine data<\/strong><\/h4>\n\n\n\n<div data-wp-interactive=\"core\/file\" class=\"wp-block-file\"><object data-wp-bind--hidden=\"!state.hasPdfPreview\" hidden class=\"wp-block-file__embed\" data=\"https:\/\/trinfortrin.samfundslitteratur.dk\/wp-content\/uploads\/2021\/09\/Personaer-Kap.-6-Sporgsmal.pdf\" type=\"application\/pdf\" style=\"width:100%;height:380px\" aria-label=\"Embed of Embed of Personaer-Kap.-6-Sporgsmal..\"><\/object><a href=\"https:\/\/trinfortrin.samfundslitteratur.dk\/wp-content\/uploads\/2021\/09\/Personaer-Kap.-6-Sporgsmal.pdf\">Personaer-Kap.-6-Sporgsmal<\/a><a href=\"https:\/\/trinfortrin.samfundslitteratur.dk\/wp-content\/uploads\/2021\/09\/Personaer-Kap.-6-Sporgsmal.pdf\" class=\"wp-block-file__button\" download>Download<\/a><\/div>\n\n\n\n<div class=\"wp-block-buttons is-content-justification-center is-layout-flex wp-block-buttons-is-layout-flex\">\n<div class=\"wp-block-button\"><a class=\"wp-block-button__link has-text-color has-background\" href=\"https:\/\/samfundslitteratur.dk\/bog\/valide-personaer-trin-trin\" style=\"border-radius:2px;background-color:#88a9ab;color:#fffffa\">K\u00f8b bogen her<\/a><\/div>\n<\/div>\n\n\n\n<p><\/p>\n","protected":false},"excerpt":{"rendered":"<p>Arbejdsark til at f\u00e5 overblik over dine data Sp\u00f8rgsm\u00e5l, du kan stille dig selv i analysefasens trin 3 for at identificere m\u00f8nstre i dine data<\/p>\n","protected":false},"author":6,"featured_media":0,"parent":24,"menu_order":6,"comment_status":"closed","ping_status":"closed","template":"","meta":{"footnotes":""},"class_list":["post-102","page","type-page","status-publish","hentry"],"_links":{"self":[{"href":"https:\/\/trinfortrin.samfundslitteratur.dk\/index.php?rest_route=\/wp\/v2\/pages\/102","targetHints":{"allow":["GET"]}}],"collection":[{"href":"https:\/\/trinfortrin.samfundslitteratur.dk\/index.php?rest_route=\/wp\/v2\/pages"}],"about":[{"href":"https:\/\/trinfortrin.samfundslitteratur.dk\/index.php?rest_route=\/wp\/v2\/types\/page"}],"author":[{"embeddable":true,"href":"https:\/\/trinfortrin.samfundslitteratur.dk\/index.php?rest_route=\/wp\/v2\/users\/6"}],"replies":[{"embeddable":true,"href":"https:\/\/trinfortrin.samfundslitteratur.dk\/index.php?rest_route=%2Fwp%2Fv2%2Fcomments&post=102"}],"version-history":[{"count":12,"href":"https:\/\/trinfortrin.samfundslitteratur.dk\/index.php?rest_route=\/wp\/v2\/pages\/102\/revisions"}],"predecessor-version":[{"id":493,"href":"https:\/\/trinfortrin.samfundslitteratur.dk\/index.php?rest_route=\/wp\/v2\/pages\/102\/revisions\/493"}],"up":[{"embeddable":true,"href":"https:\/\/trinfortrin.samfundslitteratur.dk\/index.php?rest_route=\/wp\/v2\/pages\/24"}],"wp:attachment":[{"href":"https:\/\/trinfortrin.samfundslitteratur.dk\/index.php?rest_route=%2Fwp%2Fv2%2Fmedia&parent=102"}],"curies":[{"name":"wp","href":"https:\/\/api.w.org\/{rel}","templated":true}]}}