{"id":794,"date":"2026-03-10T13:12:48","date_gmt":"2026-03-10T12:12:48","guid":{"rendered":"https:\/\/trinfortrin.samfundslitteratur.dk\/?page_id=794"},"modified":"2026-03-12T13:14:49","modified_gmt":"2026-03-12T12:14:49","slug":"undersogelser-med-ai","status":"publish","type":"page","link":"https:\/\/trinfortrin.samfundslitteratur.dk\/?page_id=794","title":{"rendered":"Gen AI"},"content":{"rendered":"\n<p class=\"has-text-align-left\">Du har h\u00f8rt om lidt forskellige erfaringer med at bruge generativ AI (GenAI) i det kvalitative unders\u00f8gelsesarbejde fra kolleger eller medstuderende og er selv blevet nysgerrig p\u00e5 emnet. Men kan GenAI virkelig hj\u00e6lpe dig til at lave bedre kvalitative unders\u00f8gelser?<\/p>\n\n\n\n<p class=\"has-text-align-left\">At inddrage GenAI handler ikke om at overlade arbejdet til teknologien. Potentialet i at inddrage GenAI i det kvalitative analysearbejde ligger ikke i at \u201cf\u00e5 de rette svar\u201d, men i at opn\u00e5 \u00f8get refleksivitet ved aktivt at indg\u00e5 i dialog med og bruge teknologien til at stimulere din egen t\u00e6nkning.<\/p>\n\n\n\n<p class=\"has-text-align-left\">I en tid, hvor GenAI udvikler sig med hast, stiller bogen skarpt p\u00e5, hvordan nye teknologiske muligheder kan berige og udvide traditionelle tilgange til kvalitative unders\u00f8gelser, uden at man mister metodisk fodf\u00e6ste. Bogen viser, hvordan du kan inddrage GenAI i arbejdet med dine egne kvalitative unders\u00f8gelser, og hvad du skal v\u00e6re bevidst om \u2013 ogs\u00e5, n\u00e5r du vurderer kvaliteten af andres unders\u00f8gelser.<\/p>\n\n\n\n<p class=\"has-text-align-left\"><em>Kvalitative unders\u00f8gelser med AI<\/em> <em>&#8211; trin for trin<\/em> er beregnet til at blive brugt af dig, der ogs\u00e5 har travlt med alt muligt andet, og derfor er den kortfattet og g\u00e5r lige til sagen. Gennem eksempler, forklaringer og illustrationer vises, hvordan GenAI kan inddrages i forskellige faser af det kvalitative unders\u00f8gelsesarbejde.<br>Du kan l\u00e6se bogen i dag og g\u00e5 i gang med at eksperimentere med at inddrage GenAI i dit kvalitative unders\u00f8gelsesarbejde i morgen.<\/p>\n\n\n\n<div class=\"wp-block-buttons is-horizontal is-content-justification-center is-layout-flex wp-container-core-buttons-is-layout-499968f5 wp-block-buttons-is-layout-flex\">\n<div class=\"wp-block-button\"><a class=\"wp-block-button__link has-white-color has-text-color has-background wp-element-button\" href=\"https:\/\/samfundslitteratur.dk\/bog\/kvalitative-undersoegelser-med-ai\" style=\"border-radius:2px;background-color:#88a9ab\" target=\"_blank\" rel=\"noreferrer noopener\">K\u00f8b bogen her<\/a><\/div>\n<\/div>\n\n\n\n<hr class=\"wp-block-separator has-alpha-channel-opacity\"\/>\n\n\n\n<div class=\"wp-block-buttons is-content-justification-center is-layout-flex wp-container-core-buttons-is-layout-16018d1d wp-block-buttons-is-layout-flex\">\n<div class=\"wp-block-button is-style-fill\"><a class=\"wp-block-button__link wp-element-button\" href=\"https:\/\/trinfortrin.samfundslitteratur.dk\/?page_id=818\">Kapitel 3<\/a><\/div>\n\n\n\n<div class=\"wp-block-button is-style-fill\"><a class=\"wp-block-button__link wp-element-button\" href=\"https:\/\/trinfortrin.samfundslitteratur.dk\/?page_id=826\">Kapitel 5<\/a><\/div>\n\n\n\n<div class=\"wp-block-button is-style-fill\"><a class=\"wp-block-button__link wp-element-button\" href=\"https:\/\/trinfortrin.samfundslitteratur.dk\/?page_id=830\">Kapitel 6<\/a><\/div>\n\n\n\n<div class=\"wp-block-button is-style-fill\"><a class=\"wp-block-button__link wp-element-button\" href=\"https:\/\/trinfortrin.samfundslitteratur.dk\/?page_id=833\">Kapitel 7<\/a><\/div>\n\n\n\n<div class=\"wp-block-button is-style-fill\"><a class=\"wp-block-button__link wp-element-button\" href=\"https:\/\/trinfortrin.samfundslitteratur.dk\/?page_id=837\">Kapitel 8<\/a><\/div>\n<\/div>\n\n\n\n<hr class=\"wp-block-separator has-alpha-channel-opacity\"\/>\n\n\n\n<h4 class=\"wp-block-heading\">Om forfatterne<\/h4>\n\n\n\n<p><strong>Charlotte Albrechtsen <\/strong>er ph.d. i virksomhedskommunikation og specialist i kvalitative unders\u00f8gelser. Hun driver analysevirksomheden Tovejs med fokus p\u00e5 digitale redskaber og GenAI og er serieredakt\u00f8r for Trin for trin-serien.<\/p>\n\n\n\n<p><strong>Tine Wirenfeldt Jensen<\/strong> er ph.d. i l\u00e6ring og uddannelse og ekstern lektor p\u00e5 Aarhus Universitet med fokus p\u00e5 GenAI. Hun r\u00e5dgiver og underviser organisationer i GenAI og har v\u00e6ret medlem af bl.a. Undervisningsministeriets ekspertgruppe om ChatGPT.<\/p>\n\n\n\n<p><\/p>\n","protected":false},"excerpt":{"rendered":"<p>Du har h\u00f8rt om lidt forskellige erfaringer med at bruge generativ AI (GenAI) i det kvalitative unders\u00f8gelsesarbejde fra kolleger eller medstuderende og er selv blevet nysgerrig p\u00e5 emnet. Men kan GenAI virkelig hj\u00e6lpe dig til at lave bedre kvalitative unders\u00f8gelser? At inddrage GenAI handler ikke om at overlade arbejdet til teknologien. Potentialet i at inddrage GenAI i det kvalitative analysearbejde ligger ikke i at \u201cf\u00e5 de rette svar\u201d, men i at opn\u00e5 \u00f8get refleksivitet ved aktivt at indg\u00e5 i dialog med og bruge teknologien til at stimulere din egen t\u00e6nkning. I en tid, hvor GenAI udvikler sig med hast, stiller bogen skarpt p\u00e5, hvordan nye teknologiske muligheder kan berige og udvide traditionelle tilgange til kvalitative unders\u00f8gelser, uden at man mister metodisk fodf\u00e6ste. Bogen viser, hvordan du kan inddrage GenAI i arbejdet med dine egne kvalitative unders\u00f8gelser, og hvad du skal v\u00e6re bevidst om \u2013 ogs\u00e5, n\u00e5r du vurderer kvaliteten af andres unders\u00f8gelser. Kvalitative unders\u00f8gelser med AI &#8211; trin for trin er beregnet til at blive brugt af dig, der ogs\u00e5 har travlt med alt muligt andet, og derfor er den kortfattet og g\u00e5r lige til sagen. Gennem eksempler, forklaringer og illustrationer vises, hvordan GenAI kan inddrages i forskellige faser af det kvalitative unders\u00f8gelsesarbejde.Du kan l\u00e6se bogen i dag og g\u00e5 i gang med at eksperimentere med at inddrage GenAI i dit kvalitative unders\u00f8gelsesarbejde i morgen. Om forfatterne Charlotte Albrechtsen er ph.d. i virksomhedskommunikation og specialist i kvalitative unders\u00f8gelser. Hun driver analysevirksomheden Tovejs med fokus p\u00e5 digitale redskaber og GenAI og er serieredakt\u00f8r for Trin for trin-serien. Tine Wirenfeldt Jensen er ph.d. i l\u00e6ring og uddannelse og ekstern lektor p\u00e5 Aarhus Universitet med fokus p\u00e5 GenAI. Hun r\u00e5dgiver og underviser organisationer i GenAI og har v\u00e6ret medlem af bl.a. Undervisningsministeriets ekspertgruppe om ChatGPT.<\/p>\n","protected":false},"author":6,"featured_media":804,"parent":0,"menu_order":0,"comment_status":"closed","ping_status":"closed","template":"","meta":{"footnotes":""},"class_list":["post-794","page","type-page","status-publish","has-post-thumbnail","hentry"],"_links":{"self":[{"href":"https:\/\/trinfortrin.samfundslitteratur.dk\/index.php?rest_route=\/wp\/v2\/pages\/794","targetHints":{"allow":["GET"]}}],"collection":[{"href":"https:\/\/trinfortrin.samfundslitteratur.dk\/index.php?rest_route=\/wp\/v2\/pages"}],"about":[{"href":"https:\/\/trinfortrin.samfundslitteratur.dk\/index.php?rest_route=\/wp\/v2\/types\/page"}],"author":[{"embeddable":true,"href":"https:\/\/trinfortrin.samfundslitteratur.dk\/index.php?rest_route=\/wp\/v2\/users\/6"}],"replies":[{"embeddable":true,"href":"https:\/\/trinfortrin.samfundslitteratur.dk\/index.php?rest_route=%2Fwp%2Fv2%2Fcomments&post=794"}],"version-history":[{"count":10,"href":"https:\/\/trinfortrin.samfundslitteratur.dk\/index.php?rest_route=\/wp\/v2\/pages\/794\/revisions"}],"predecessor-version":[{"id":846,"href":"https:\/\/trinfortrin.samfundslitteratur.dk\/index.php?rest_route=\/wp\/v2\/pages\/794\/revisions\/846"}],"wp:featuredmedia":[{"embeddable":true,"href":"https:\/\/trinfortrin.samfundslitteratur.dk\/index.php?rest_route=\/wp\/v2\/media\/804"}],"wp:attachment":[{"href":"https:\/\/trinfortrin.samfundslitteratur.dk\/index.php?rest_route=%2Fwp%2Fv2%2Fmedia&parent=794"}],"curies":[{"name":"wp","href":"https:\/\/api.w.org\/{rel}","templated":true}]}}