{"id":742,"date":"2024-01-09T14:08:18","date_gmt":"2024-01-09T13:08:18","guid":{"rendered":"https:\/\/trinfortrin.samfundslitteratur.dk\/?page_id=742"},"modified":"2024-01-09T14:23:25","modified_gmt":"2024-01-09T13:23:25","slug":"kapitel-5-fase-1-forberedelse-af-interviews","status":"publish","type":"page","link":"https:\/\/trinfortrin.samfundslitteratur.dk\/?page_id=742","title":{"rendered":"Kapitel 5 &#8211; Fase 1: Forberedelse af interviews"},"content":{"rendered":"\n<h2 class=\"wp-block-heading\">Indhold:<\/h2>\n\n\n\n<ul class=\"wp-block-list\">\n<li><strong>Eksempel p\u00e5 en interviewguide<\/strong><\/li>\n\n\n\n<li><strong>N\u00e5r emnet for en unders\u00f8gelse bliver udfordret i m\u00f8det med en case<\/strong><\/li>\n<\/ul>\n\n\n\n<hr class=\"wp-block-separator has-alpha-channel-opacity is-style-wide\"\/>\n\n\n\n<h4 class=\"wp-block-heading\">Eksempel p\u00e5 en interviewguide<\/h4>\n\n\n\n<div data-wp-interactive=\"core\/file\" class=\"wp-block-file\"><object data-wp-bind--hidden=\"!state.hasPdfPreview\" hidden class=\"wp-block-file__embed\" data=\"https:\/\/trinfortrin.samfundslitteratur.dk\/wp-content\/uploads\/2024\/01\/Interviews-Kapitel-5-Eksempel-pa-en-interviewguide.pdf\" type=\"application\/pdf\" style=\"width:100%;height:600px\" aria-label=\"Embed of Interviews - Kapitel 5 - Eksempel p\u00e5 en interviewguide.\"><\/object><a id=\"wp-block-file--media-0976e4fc-b8ba-4dcb-aa19-9e9194dad638\" href=\"https:\/\/trinfortrin.samfundslitteratur.dk\/wp-content\/uploads\/2024\/01\/Interviews-Kapitel-5-Eksempel-pa-en-interviewguide.pdf\">Interviews &#8211; Kapitel 5 &#8211; Eksempel p\u00e5 en interviewguide<\/a><a href=\"https:\/\/trinfortrin.samfundslitteratur.dk\/wp-content\/uploads\/2024\/01\/Interviews-Kapitel-5-Eksempel-pa-en-interviewguide.pdf\" class=\"wp-block-file__button wp-element-button\" download aria-describedby=\"wp-block-file--media-0976e4fc-b8ba-4dcb-aa19-9e9194dad638\">Download<\/a><\/div>\n\n\n\n<hr class=\"wp-block-separator has-alpha-channel-opacity is-style-wide\"\/>\n\n\n\n<h4 class=\"wp-block-heading\">N\u00e5r emnet for en unders\u00f8gelse bliver udfordret i m\u00f8det med en case<\/h4>\n\n\n\n<div data-wp-interactive=\"core\/file\" class=\"wp-block-file\"><object data-wp-bind--hidden=\"!state.hasPdfPreview\" hidden class=\"wp-block-file__embed\" data=\"https:\/\/trinfortrin.samfundslitteratur.dk\/wp-content\/uploads\/2024\/01\/Interviews-Kapitel-5-Nar-emnet-for-en-undersogelse-bliver-udfordret-i-modet-med-en-case.pdf\" type=\"application\/pdf\" style=\"width:100%;height:600px\" aria-label=\"Embed of Interviews - Kapitel 5 - N\u00e5r emnet for en unders\u00f8gelse bliver udfordret i m\u00f8det med en case.\"><\/object><a id=\"wp-block-file--media-646388e9-603e-4a0c-9f77-47ae00870f51\" href=\"https:\/\/trinfortrin.samfundslitteratur.dk\/wp-content\/uploads\/2024\/01\/Interviews-Kapitel-5-Nar-emnet-for-en-undersogelse-bliver-udfordret-i-modet-med-en-case.pdf\">Interviews &#8211; Kapitel 5 &#8211; N\u00e5r emnet for en unders\u00f8gelse bliver udfordret i m\u00f8det med en case<\/a><a href=\"https:\/\/trinfortrin.samfundslitteratur.dk\/wp-content\/uploads\/2024\/01\/Interviews-Kapitel-5-Nar-emnet-for-en-undersogelse-bliver-udfordret-i-modet-med-en-case.pdf\" class=\"wp-block-file__button wp-element-button\" download aria-describedby=\"wp-block-file--media-646388e9-603e-4a0c-9f77-47ae00870f51\">Download<\/a><\/div>\n","protected":false},"excerpt":{"rendered":"<p>Indhold: Eksempel p\u00e5 en interviewguide N\u00e5r emnet for en unders\u00f8gelse bliver udfordret i m\u00f8det med en case<\/p>\n","protected":false},"author":6,"featured_media":0,"parent":0,"menu_order":0,"comment_status":"closed","ping_status":"closed","template":"","meta":{"footnotes":""},"class_list":["post-742","page","type-page","status-publish","hentry"],"_links":{"self":[{"href":"https:\/\/trinfortrin.samfundslitteratur.dk\/index.php?rest_route=\/wp\/v2\/pages\/742","targetHints":{"allow":["GET"]}}],"collection":[{"href":"https:\/\/trinfortrin.samfundslitteratur.dk\/index.php?rest_route=\/wp\/v2\/pages"}],"about":[{"href":"https:\/\/trinfortrin.samfundslitteratur.dk\/index.php?rest_route=\/wp\/v2\/types\/page"}],"author":[{"embeddable":true,"href":"https:\/\/trinfortrin.samfundslitteratur.dk\/index.php?rest_route=\/wp\/v2\/users\/6"}],"replies":[{"embeddable":true,"href":"https:\/\/trinfortrin.samfundslitteratur.dk\/index.php?rest_route=%2Fwp%2Fv2%2Fcomments&post=742"}],"version-history":[{"count":6,"href":"https:\/\/trinfortrin.samfundslitteratur.dk\/index.php?rest_route=\/wp\/v2\/pages\/742\/revisions"}],"predecessor-version":[{"id":772,"href":"https:\/\/trinfortrin.samfundslitteratur.dk\/index.php?rest_route=\/wp\/v2\/pages\/742\/revisions\/772"}],"wp:attachment":[{"href":"https:\/\/trinfortrin.samfundslitteratur.dk\/index.php?rest_route=%2Fwp%2Fv2%2Fmedia&parent=742"}],"curies":[{"name":"wp","href":"https:\/\/api.w.org\/{rel}","templated":true}]}}