{"id":730,"date":"2024-01-09T13:57:31","date_gmt":"2024-01-09T12:57:31","guid":{"rendered":"https:\/\/trinfortrin.samfundslitteratur.dk\/?page_id=730"},"modified":"2024-01-12T14:27:21","modified_gmt":"2024-01-12T13:27:21","slug":"kapitel-4-hvem-skal-vaere-med","status":"publish","type":"page","link":"https:\/\/trinfortrin.samfundslitteratur.dk\/?page_id=730","title":{"rendered":"Kapitel 4 &#8211; Hvem skal v\u00e6re med?"},"content":{"rendered":"\n<h4 class=\"wp-block-heading\">Eksempel p\u00e5 en samtykkeerkl\u00e6ring: <\/h4>\n\n\n\n<p>Hent et eksempel p\u00e5 en samtykkeerkl\u00e6ring fra Professionsh\u00f8jskolen Absalon:<\/p>\n\n\n\n<div class=\"wp-block-buttons is-content-justification-left is-layout-flex wp-container-core-buttons-is-layout-fdcfc74e wp-block-buttons-is-layout-flex\">\n<div class=\"wp-block-button is-style-fill\"><a class=\"wp-block-button__link wp-element-button\" href=\"http:\/\/www2.phabsalon.dk\/studienet\/studiehjaelp\/informationssikkerhed\/politikker-og-vejledninger\/samtykkeerklaering\/\" target=\"_blank\" rel=\"noreferrer noopener\">Samtykkeerkl\u00e6ring<\/a><\/div>\n<\/div>\n\n\n\n<p class=\"has-small-font-size\">(Klik p\u00e5 de r\u00f8de felter til h\u00f8jre p\u00e5 siden, for at downloade samtykkeerkl\u00e6ringerne)<\/p>\n\n\n\n<p><\/p>\n","protected":false},"excerpt":{"rendered":"<p>Eksempel p\u00e5 en samtykkeerkl\u00e6ring: Hent et eksempel p\u00e5 en samtykkeerkl\u00e6ring fra Professionsh\u00f8jskolen Absalon: (Klik p\u00e5 de r\u00f8de felter til h\u00f8jre p\u00e5 siden, for at downloade samtykkeerkl\u00e6ringerne)<\/p>\n","protected":false},"author":6,"featured_media":0,"parent":0,"menu_order":0,"comment_status":"closed","ping_status":"closed","template":"","meta":{"footnotes":""},"class_list":["post-730","page","type-page","status-publish","hentry"],"_links":{"self":[{"href":"https:\/\/trinfortrin.samfundslitteratur.dk\/index.php?rest_route=\/wp\/v2\/pages\/730","targetHints":{"allow":["GET"]}}],"collection":[{"href":"https:\/\/trinfortrin.samfundslitteratur.dk\/index.php?rest_route=\/wp\/v2\/pages"}],"about":[{"href":"https:\/\/trinfortrin.samfundslitteratur.dk\/index.php?rest_route=\/wp\/v2\/types\/page"}],"author":[{"embeddable":true,"href":"https:\/\/trinfortrin.samfundslitteratur.dk\/index.php?rest_route=\/wp\/v2\/users\/6"}],"replies":[{"embeddable":true,"href":"https:\/\/trinfortrin.samfundslitteratur.dk\/index.php?rest_route=%2Fwp%2Fv2%2Fcomments&post=730"}],"version-history":[{"count":12,"href":"https:\/\/trinfortrin.samfundslitteratur.dk\/index.php?rest_route=\/wp\/v2\/pages\/730\/revisions"}],"predecessor-version":[{"id":785,"href":"https:\/\/trinfortrin.samfundslitteratur.dk\/index.php?rest_route=\/wp\/v2\/pages\/730\/revisions\/785"}],"wp:attachment":[{"href":"https:\/\/trinfortrin.samfundslitteratur.dk\/index.php?rest_route=%2Fwp%2Fv2%2Fmedia&parent=730"}],"curies":[{"name":"wp","href":"https:\/\/api.w.org\/{rel}","templated":true}]}}