{"id":702,"date":"2023-12-12T11:58:15","date_gmt":"2023-12-12T10:58:15","guid":{"rendered":"https:\/\/trinfortrin.samfundslitteratur.dk\/?page_id=702"},"modified":"2024-01-09T14:39:16","modified_gmt":"2024-01-09T13:39:16","slug":"interviews","status":"publish","type":"page","link":"https:\/\/trinfortrin.samfundslitteratur.dk\/?page_id=702","title":{"rendered":"Interviews"},"content":{"rendered":"\n<p>Det er gennem interviews, at vi oftest l\u00e6rer noget nyt om andre menneskers perspektiv p\u00e5 verden. Et interview er oplagt, n\u00e5r du sammen med et andet menneske eller flere \u00f8nsker at unders\u00f8ge, hvordan noget opleves, opfattes eller fortolkes. Det kan v\u00e6re et produkt. Det kan ogs\u00e5 v\u00e6re en begivenhed, et f\u00e6nomen eller et helt liv.<\/p>\n\n\n\n<p>Det finder du kun ud af ved at tale med dem. Interviewe dem.<\/p>\n\n\n\n<p>Bogen her s\u00e6tter fokus p\u00e5 den slags interviews, hvor form\u00e5let er at l\u00e6re noget nyt og skabe ny viden i forbindelse med forskning eller i andre typer af unders\u00f8gelser. Den guider dig igennem en interviewunders\u00f8gelse trin for trin med det m\u00e5l at g\u00f8re dig i stand til selv at foretage en interviewunders\u00f8gelse p\u00e5 en professionel m\u00e5de.<\/p>\n\n\n\n<p>Bogen er beregnet til at blive brugt af dig, der ogs\u00e5 har travlt med alt mulig andet, og derfor er den kortfattet og g\u00e5r lige til sagen. Den trinvise tilgang til interviewmetoden og de mange eksempler, forklaringer og illustrationer hj\u00e6lper dig godt i gang.<\/p>\n\n\n\n<p>Du kan l\u00e6se bogen i dag og tage hul p\u00e5 din interviewunders\u00f8gelse i morgen.<\/p>\n\n\n\n<div class=\"wp-block-buttons is-horizontal is-content-justification-center is-layout-flex wp-container-core-buttons-is-layout-499968f5 wp-block-buttons-is-layout-flex\">\n<div class=\"wp-block-button\"><a class=\"wp-block-button__link has-white-color has-text-color has-background wp-element-button\" href=\"https:\/\/samfundslitteratur.dk\/bog\/l%C3%A6rerige-interviews-trin-trin\" style=\"border-radius:2px;background-color:#88a9ab\" target=\"_blank\" rel=\"noreferrer noopener\">K\u00f8b bogen her<\/a><\/div>\n<\/div>\n\n\n\n<hr class=\"wp-block-separator has-alpha-channel-opacity is-style-wide\"\/>\n\n\n\n<div class=\"wp-block-buttons is-content-justification-center is-layout-flex wp-container-core-buttons-is-layout-16018d1d wp-block-buttons-is-layout-flex\">\n<div class=\"wp-block-button is-style-fill\"><a class=\"wp-block-button__link wp-element-button\" href=\"https:\/\/trinfortrin.samfundslitteratur.dk\/?page_id=709\">Kapitel 2<\/a><\/div>\n\n\n\n<div class=\"wp-block-button is-style-fill\"><a class=\"wp-block-button__link wp-element-button\" href=\"https:\/\/trinfortrin.samfundslitteratur.dk\/?page_id=730\">Kapitel 4<\/a><\/div>\n\n\n\n<div class=\"wp-block-button is-style-fill\"><a class=\"wp-block-button__link wp-element-button\" href=\"https:\/\/trinfortrin.samfundslitteratur.dk\/?page_id=742\">Kapitel 5<\/a><\/div>\n\n\n\n<div class=\"wp-block-button is-style-fill\"><a class=\"wp-block-button__link wp-element-button\" href=\"https:\/\/trinfortrin.samfundslitteratur.dk\/?page_id=746\">Kapitel 6<\/a><\/div>\n\n\n\n<div class=\"wp-block-button is-style-fill\"><a class=\"wp-block-button__link wp-element-button\" href=\"https:\/\/trinfortrin.samfundslitteratur.dk\/?page_id=750\">Kapitel 7<\/a><\/div>\n\n\n\n<div class=\"wp-block-button is-style-fill\"><a class=\"wp-block-button__link wp-element-button\" href=\"https:\/\/trinfortrin.samfundslitteratur.dk\/?page_id=756\">Kapitel 8<\/a><\/div>\n<\/div>\n\n\n\n<hr class=\"wp-block-separator has-alpha-channel-opacity is-style-wide\"\/>\n\n\n\n<h4 class=\"wp-block-heading\">Om forfatteren<\/h4>\n\n\n\n<p>Lene Tanggaard er rektor ved Designskolen Kolding og professor ved Aalborg Universitet, hvor hun forsker og underviser med afs\u00e6t i kvalitative metoder. Lene har gennem flere \u00e5r foretaget en lang r\u00e6kke empiriske studier med afs\u00e6t i interviewmetoden. <\/p>\n\n\n\n<p>Hun har en s\u00e6rlig interesse i, hvordan interview kan bidrage til, at vi l\u00e6rer noget nyt om den verden, vi lever i. Lene er forfatter til en lang r\u00e6kke artikler og b\u00f8ger, og s\u00e5 er hun en internationalt anerkendt taler ved forskningskonferencer og leder af flere forskningsprojekter med s\u00e6rligt fokus p\u00e5 erhvervsuddannelser, kreativitet og l\u00e6reprocesser i skole- og uddannelsessystemet. <\/p>\n\n\n\n<p>Derudover er Lene medlem af flere kommissioner, r\u00e5d og bestyrelser, ligesom hun har sit eget radioprogram p\u00e5 P2, \u201dP\u00e5 v\u00e6rkstedet\u201d, hvor hun hver uge interviewer en kendt dansker om kreativitet.<\/p>\n","protected":false},"excerpt":{"rendered":"<p>Det er gennem interviews, at vi oftest l\u00e6rer noget nyt om andre menneskers perspektiv p\u00e5 verden. Et interview er oplagt, n\u00e5r du sammen med et andet menneske eller flere \u00f8nsker at unders\u00f8ge, hvordan noget opleves, opfattes eller fortolkes. Det kan v\u00e6re et produkt. Det kan ogs\u00e5 v\u00e6re en begivenhed, et f\u00e6nomen eller et helt liv. Det finder du kun ud af ved at tale med dem. Interviewe dem. Bogen her s\u00e6tter fokus p\u00e5 den slags interviews, hvor form\u00e5let er at l\u00e6re noget nyt og skabe ny viden i forbindelse med forskning eller i andre typer af unders\u00f8gelser. Den guider dig igennem en interviewunders\u00f8gelse trin for trin med det m\u00e5l at g\u00f8re dig i stand til selv at foretage en interviewunders\u00f8gelse p\u00e5 en professionel m\u00e5de. Bogen er beregnet til at blive brugt af dig, der ogs\u00e5 har travlt med alt mulig andet, og derfor er den kortfattet og g\u00e5r lige til sagen. Den trinvise tilgang til interviewmetoden og de mange eksempler, forklaringer og illustrationer hj\u00e6lper dig godt i gang. Du kan l\u00e6se bogen i dag og tage hul p\u00e5 din interviewunders\u00f8gelse i morgen. Om forfatteren Lene Tanggaard er rektor ved Designskolen Kolding og professor ved Aalborg Universitet, hvor hun forsker og underviser med afs\u00e6t i kvalitative metoder. Lene har gennem flere \u00e5r foretaget en lang r\u00e6kke empiriske studier med afs\u00e6t i interviewmetoden. Hun har en s\u00e6rlig interesse i, hvordan interview kan bidrage til, at vi l\u00e6rer noget nyt om den verden, vi lever i. Lene er forfatter til en lang r\u00e6kke artikler og b\u00f8ger, og s\u00e5 er hun en internationalt anerkendt taler ved forskningskonferencer og leder af flere forskningsprojekter med s\u00e6rligt fokus p\u00e5 erhvervsuddannelser, kreativitet og l\u00e6reprocesser i skole- og uddannelsessystemet. Derudover er Lene medlem af flere kommissioner, r\u00e5d og bestyrelser, ligesom hun har sit eget radioprogram p\u00e5 P2, \u201dP\u00e5 v\u00e6rkstedet\u201d, hvor hun hver uge interviewer en kendt dansker om kreativitet.<\/p>\n","protected":false},"author":6,"featured_media":707,"parent":0,"menu_order":0,"comment_status":"closed","ping_status":"closed","template":"","meta":{"footnotes":""},"class_list":["post-702","page","type-page","status-publish","has-post-thumbnail","hentry"],"_links":{"self":[{"href":"https:\/\/trinfortrin.samfundslitteratur.dk\/index.php?rest_route=\/wp\/v2\/pages\/702","targetHints":{"allow":["GET"]}}],"collection":[{"href":"https:\/\/trinfortrin.samfundslitteratur.dk\/index.php?rest_route=\/wp\/v2\/pages"}],"about":[{"href":"https:\/\/trinfortrin.samfundslitteratur.dk\/index.php?rest_route=\/wp\/v2\/types\/page"}],"author":[{"embeddable":true,"href":"https:\/\/trinfortrin.samfundslitteratur.dk\/index.php?rest_route=\/wp\/v2\/users\/6"}],"replies":[{"embeddable":true,"href":"https:\/\/trinfortrin.samfundslitteratur.dk\/index.php?rest_route=%2Fwp%2Fv2%2Fcomments&post=702"}],"version-history":[{"count":4,"href":"https:\/\/trinfortrin.samfundslitteratur.dk\/index.php?rest_route=\/wp\/v2\/pages\/702\/revisions"}],"predecessor-version":[{"id":802,"href":"https:\/\/trinfortrin.samfundslitteratur.dk\/index.php?rest_route=\/wp\/v2\/pages\/702\/revisions\/802"}],"wp:featuredmedia":[{"embeddable":true,"href":"https:\/\/trinfortrin.samfundslitteratur.dk\/index.php?rest_route=\/wp\/v2\/media\/707"}],"wp:attachment":[{"href":"https:\/\/trinfortrin.samfundslitteratur.dk\/index.php?rest_route=%2Fwp%2Fv2%2Fmedia&parent=702"}],"curies":[{"name":"wp","href":"https:\/\/api.w.org\/{rel}","templated":true}]}}