{"id":68,"date":"2021-03-29T13:33:35","date_gmt":"2021-03-29T11:33:35","guid":{"rendered":"https:\/\/trinfortrin.samfundslitteratur.dk\/?page_id=68"},"modified":"2021-09-17T11:16:39","modified_gmt":"2021-09-17T09:16:39","slug":"trin-for-trin","status":"publish","type":"page","link":"https:\/\/trinfortrin.samfundslitteratur.dk\/","title":{"rendered":"Trin for trin"},"content":{"rendered":"\n<h4 class=\"wp-block-heading\">Om serien<\/h4>\n\n\n\n<p><em>Metoder trin for trin<\/em>\u00a0er en serie af b\u00f8ger om metoder til at skabe viden om og med mennesker og til at bearbejde den viden. Metoderne er beskrevet kort og konkret \u2013 trin for trin.\u00a0<\/p>\n\n\n\n<p>B\u00f8gerne i serien er beregnet til at blive brugt af dig, der ogs\u00e5 har travlt med alt mulig andet, og er derfor kortfattede og g\u00e5r lige til sagen. Den trinvise tilgang til metoderne og de mange eksempler, forklaringer og illustrationer hj\u00e6lper dig godt i gang.<\/p>\n\n\n\n<p>Seriens b\u00f8ger er skrevet af forfattere med solid akademisk baggrund og \u00e5relang praktisk erfaring med metoderne.<\/p>\n\n\n\n<hr class=\"wp-block-separator has-text-color has-background has-white-background-color has-white-color is-style-dots\"\/>\n\n\n\n<h4 class=\"wp-block-heading\">Om hjemmesiden <\/h4>\n\n\n\n<p>P\u00e5 denne side finder du en lang r\u00e6kke supplerende materialer til b\u00f8gerne i trin for trin-serien. Siden og dens indhold er inddelt efter b\u00f8gernes kapitelstruktur.<\/p>\n\n\n\n<p>Du kan frit downloade og bruge indholdet her p\u00e5 hjemmesiden.<\/p>\n\n\n\n<hr class=\"wp-block-separator has-text-color has-background has-white-background-color has-white-color is-style-dots\"\/>\n\n\n\n<div class=\"wp-block-buttons is-content-justification-center is-layout-flex wp-block-buttons-is-layout-flex\">\n<div class=\"wp-block-button\"><a class=\"wp-block-button__link has-text-color has-background\" href=\"https:\/\/samfundslitteratur.dk\/bogserie\/metoder-trin-trin\" style=\"border-radius:2px;background-color:#88a9ab;color:#fffffa\" target=\"_blank\" rel=\"noreferrer noopener\">K\u00f8b b\u00f8gerne i serien her<\/a><\/div>\n<\/div>\n\n\n\n<p><\/p>\n","protected":false},"excerpt":{"rendered":"<p>Om serien Metoder trin for trin\u00a0er en serie af b\u00f8ger om metoder til at skabe viden om og med mennesker og til at bearbejde den viden. Metoderne er beskrevet kort og konkret \u2013 trin for trin.\u00a0 B\u00f8gerne i serien er beregnet til at blive brugt af dig, der ogs\u00e5 har travlt med alt mulig andet, og er derfor kortfattede og g\u00e5r lige til sagen. Den trinvise tilgang til metoderne og de mange eksempler, forklaringer og illustrationer hj\u00e6lper dig godt i gang. Seriens b\u00f8ger er skrevet af forfattere med solid akademisk baggrund og \u00e5relang praktisk erfaring med metoderne. Om hjemmesiden P\u00e5 denne side finder du en lang r\u00e6kke supplerende materialer til b\u00f8gerne i trin for trin-serien. Siden og dens indhold er inddelt efter b\u00f8gernes kapitelstruktur. Du kan frit downloade og bruge indholdet her p\u00e5 hjemmesiden.<\/p>\n","protected":false},"author":6,"featured_media":0,"parent":0,"menu_order":0,"comment_status":"closed","ping_status":"closed","template":"","meta":{"footnotes":""},"class_list":["post-68","page","type-page","status-publish","hentry"],"_links":{"self":[{"href":"https:\/\/trinfortrin.samfundslitteratur.dk\/index.php?rest_route=\/wp\/v2\/pages\/68","targetHints":{"allow":["GET"]}}],"collection":[{"href":"https:\/\/trinfortrin.samfundslitteratur.dk\/index.php?rest_route=\/wp\/v2\/pages"}],"about":[{"href":"https:\/\/trinfortrin.samfundslitteratur.dk\/index.php?rest_route=\/wp\/v2\/types\/page"}],"author":[{"embeddable":true,"href":"https:\/\/trinfortrin.samfundslitteratur.dk\/index.php?rest_route=\/wp\/v2\/users\/6"}],"replies":[{"embeddable":true,"href":"https:\/\/trinfortrin.samfundslitteratur.dk\/index.php?rest_route=%2Fwp%2Fv2%2Fcomments&post=68"}],"version-history":[{"count":9,"href":"https:\/\/trinfortrin.samfundslitteratur.dk\/index.php?rest_route=\/wp\/v2\/pages\/68\/revisions"}],"predecessor-version":[{"id":431,"href":"https:\/\/trinfortrin.samfundslitteratur.dk\/index.php?rest_route=\/wp\/v2\/pages\/68\/revisions\/431"}],"wp:attachment":[{"href":"https:\/\/trinfortrin.samfundslitteratur.dk\/index.php?rest_route=%2Fwp%2Fv2%2Fmedia&parent=68"}],"curies":[{"name":"wp","href":"https:\/\/api.w.org\/{rel}","templated":true}]}}