{"id":655,"date":"2023-05-12T10:56:28","date_gmt":"2023-05-12T08:56:28","guid":{"rendered":"https:\/\/trinfortrin.samfundslitteratur.dk\/?page_id=655"},"modified":"2023-05-12T14:01:22","modified_gmt":"2023-05-12T12:01:22","slug":"kapitel-5-fase-1-formal-og-design","status":"publish","type":"page","link":"https:\/\/trinfortrin.samfundslitteratur.dk\/?page_id=655","title":{"rendered":"Kapitel 5 &#8211; Fase 1: Form\u00e5l og design"},"content":{"rendered":"\n<h4 class=\"wp-block-heading\">Arbejdsark til udformning af form\u00e5l, unders\u00f8gelsesemner og unders\u00f8gelsessp\u00f8rgsm\u00e5l<\/h4>\n\n\n\n<div data-wp-interactive=\"core\/file\" class=\"wp-block-file\"><object data-wp-bind--hidden=\"!state.hasPdfPreview\" hidden class=\"wp-block-file__embed\" data=\"https:\/\/trinfortrin.samfundslitteratur.dk\/wp-content\/uploads\/2023\/05\/Kap.-5-Arbejdsark.pdf\" type=\"application\/pdf\" style=\"width:100%;height:600px\" aria-label=\"Embed of Kap.-5-Arbejdsark.\"><\/object><a id=\"wp-block-file--media-bd2da08d-badf-4b5b-bbe8-46ef3a342743\" href=\"https:\/\/trinfortrin.samfundslitteratur.dk\/wp-content\/uploads\/2023\/05\/Kap.-5-Arbejdsark.pdf\">Kap.-5-Arbejdsark<\/a><a href=\"https:\/\/trinfortrin.samfundslitteratur.dk\/wp-content\/uploads\/2023\/05\/Kap.-5-Arbejdsark.pdf\" class=\"wp-block-file__button wp-element-button\" download aria-describedby=\"wp-block-file--media-bd2da08d-badf-4b5b-bbe8-46ef3a342743\">Download<\/a><\/div>\n\n\n\n<hr class=\"wp-block-separator has-alpha-channel-opacity\"\/>\n\n\n\n<h4 class=\"wp-block-heading\">Digitale redskaber<\/h4>\n\n\n\n<div data-wp-interactive=\"core\/file\" class=\"wp-block-file\"><object data-wp-bind--hidden=\"!state.hasPdfPreview\" hidden class=\"wp-block-file__embed\" data=\"https:\/\/trinfortrin.samfundslitteratur.dk\/wp-content\/uploads\/2023\/05\/Kap.-5-Digitale-redskaber.pdf\" type=\"application\/pdf\" style=\"width:100%;height:600px\" aria-label=\"Embed of Kap.-5-Digitale-redskaber.\"><\/object><a id=\"wp-block-file--media-90da834c-6714-412f-b8f1-a81f6dc318ec\" href=\"https:\/\/trinfortrin.samfundslitteratur.dk\/wp-content\/uploads\/2023\/05\/Kap.-5-Digitale-redskaber.pdf\">Kap.-5-Digitale-redskaber<\/a><a href=\"https:\/\/trinfortrin.samfundslitteratur.dk\/wp-content\/uploads\/2023\/05\/Kap.-5-Digitale-redskaber.pdf\" class=\"wp-block-file__button wp-element-button\" download aria-describedby=\"wp-block-file--media-90da834c-6714-412f-b8f1-a81f6dc318ec\">Download<\/a><\/div>\n\n\n\n<hr class=\"wp-block-separator has-alpha-channel-opacity\"\/>\n\n\n\n<h4 class=\"wp-block-heading\">Eksempler p\u00e5 typer af opgaveflows<\/h4>\n\n\n\n<div data-wp-interactive=\"core\/file\" class=\"wp-block-file\"><object data-wp-bind--hidden=\"!state.hasPdfPreview\" hidden class=\"wp-block-file__embed\" data=\"https:\/\/trinfortrin.samfundslitteratur.dk\/wp-content\/uploads\/2023\/05\/Kap.-5-Opgaveflows.pdf\" type=\"application\/pdf\" style=\"width:100%;height:600px\" aria-label=\"Embed of Kap.-5-Opgaveflows.\"><\/object><a id=\"wp-block-file--media-60304db0-60ce-43f4-9c41-ebd013c7b898\" href=\"https:\/\/trinfortrin.samfundslitteratur.dk\/wp-content\/uploads\/2023\/05\/Kap.-5-Opgaveflows.pdf\">Kap.-5-Opgaveflows<\/a><a href=\"https:\/\/trinfortrin.samfundslitteratur.dk\/wp-content\/uploads\/2023\/05\/Kap.-5-Opgaveflows.pdf\" class=\"wp-block-file__button wp-element-button\" download aria-describedby=\"wp-block-file--media-60304db0-60ce-43f4-9c41-ebd013c7b898\">Download<\/a><\/div>\n\n\n\n<hr class=\"wp-block-separator has-alpha-channel-opacity\"\/>\n\n\n\n<h4 class=\"wp-block-heading\">Eksempel p\u00e5 et opgave- og sp\u00f8rgedesign<\/h4>\n\n\n\n<div data-wp-interactive=\"core\/file\" class=\"wp-block-file\"><object data-wp-bind--hidden=\"!state.hasPdfPreview\" hidden class=\"wp-block-file__embed\" data=\"https:\/\/trinfortrin.samfundslitteratur.dk\/wp-content\/uploads\/2023\/05\/Kap.-5-Opgavedesign.pdf\" type=\"application\/pdf\" style=\"width:100%;height:600px\" aria-label=\"Embed of Kap.-5-Opgavedesign.\"><\/object><a id=\"wp-block-file--media-93ed2be6-5e92-4d50-a1bb-fac75db91793\" href=\"https:\/\/trinfortrin.samfundslitteratur.dk\/wp-content\/uploads\/2023\/05\/Kap.-5-Opgavedesign.pdf\">Kap.-5-Opgavedesign<\/a><a href=\"https:\/\/trinfortrin.samfundslitteratur.dk\/wp-content\/uploads\/2023\/05\/Kap.-5-Opgavedesign.pdf\" class=\"wp-block-file__button wp-element-button\" download aria-describedby=\"wp-block-file--media-93ed2be6-5e92-4d50-a1bb-fac75db91793\">Download<\/a><\/div>\n","protected":false},"excerpt":{"rendered":"<p>Arbejdsark til udformning af form\u00e5l, unders\u00f8gelsesemner og unders\u00f8gelsessp\u00f8rgsm\u00e5l Digitale redskaber Eksempler p\u00e5 typer af opgaveflows Eksempel p\u00e5 et opgave- og sp\u00f8rgedesign<\/p>\n","protected":false},"author":6,"featured_media":0,"parent":642,"menu_order":2,"comment_status":"closed","ping_status":"closed","template":"","meta":{"footnotes":""},"class_list":["post-655","page","type-page","status-publish","hentry"],"_links":{"self":[{"href":"https:\/\/trinfortrin.samfundslitteratur.dk\/index.php?rest_route=\/wp\/v2\/pages\/655","targetHints":{"allow":["GET"]}}],"collection":[{"href":"https:\/\/trinfortrin.samfundslitteratur.dk\/index.php?rest_route=\/wp\/v2\/pages"}],"about":[{"href":"https:\/\/trinfortrin.samfundslitteratur.dk\/index.php?rest_route=\/wp\/v2\/types\/page"}],"author":[{"embeddable":true,"href":"https:\/\/trinfortrin.samfundslitteratur.dk\/index.php?rest_route=\/wp\/v2\/users\/6"}],"replies":[{"embeddable":true,"href":"https:\/\/trinfortrin.samfundslitteratur.dk\/index.php?rest_route=%2Fwp%2Fv2%2Fcomments&post=655"}],"version-history":[{"count":3,"href":"https:\/\/trinfortrin.samfundslitteratur.dk\/index.php?rest_route=\/wp\/v2\/pages\/655\/revisions"}],"predecessor-version":[{"id":694,"href":"https:\/\/trinfortrin.samfundslitteratur.dk\/index.php?rest_route=\/wp\/v2\/pages\/655\/revisions\/694"}],"up":[{"embeddable":true,"href":"https:\/\/trinfortrin.samfundslitteratur.dk\/index.php?rest_route=\/wp\/v2\/pages\/642"}],"wp:attachment":[{"href":"https:\/\/trinfortrin.samfundslitteratur.dk\/index.php?rest_route=%2Fwp%2Fv2%2Fmedia&parent=655"}],"curies":[{"name":"wp","href":"https:\/\/api.w.org\/{rel}","templated":true}]}}