{"id":605,"date":"2022-02-25T12:58:34","date_gmt":"2022-02-25T11:58:34","guid":{"rendered":"https:\/\/trinfortrin.samfundslitteratur.dk\/?page_id=605"},"modified":"2022-02-25T13:01:30","modified_gmt":"2022-02-25T12:01:30","slug":"kapitel-9-evaluering-og-efterbehandling","status":"publish","type":"page","link":"https:\/\/trinfortrin.samfundslitteratur.dk\/?page_id=605","title":{"rendered":"Kapitel 9 &#8211; Evaluering og efterbehandling"},"content":{"rendered":"\n<h4 class=\"wp-block-heading\">Eksempel p\u00e5 et klassisk evalueringsskema<\/h4>\n\n\n\n<div data-wp-interactive=\"core\/file\" class=\"wp-block-file\"><object data-wp-bind--hidden=\"!state.hasPdfPreview\" hidden class=\"wp-block-file__embed\" data=\"https:\/\/trinfortrin.samfundslitteratur.dk\/wp-content\/uploads\/2022\/02\/Kapitel-9-Eksempel-pa-et-klassisk-evalueringsskema.pdf\" type=\"application\/pdf\" style=\"width:100%;height:600px\" aria-label=\"Embed of Embed of Kapitel 9 - Eksempel p\u00e5 et klassisk evalueringsskema..\"><\/object><a id=\"wp-block-file--media-b27a1e9f-2c60-4918-82c1-9a97cff270eb\" href=\"https:\/\/trinfortrin.samfundslitteratur.dk\/wp-content\/uploads\/2022\/02\/Kapitel-9-Eksempel-pa-et-klassisk-evalueringsskema.pdf\">Kapitel 9 &#8211; Eksempel p\u00e5 et klassisk evalueringsskema<\/a><a href=\"https:\/\/trinfortrin.samfundslitteratur.dk\/wp-content\/uploads\/2022\/02\/Kapitel-9-Eksempel-pa-et-klassisk-evalueringsskema.pdf\" class=\"wp-block-file__button\" download aria-describedby=\"wp-block-file--media-b27a1e9f-2c60-4918-82c1-9a97cff270eb\">Download<\/a><\/div>\n\n\n\n<hr class=\"wp-block-separator is-style-dots\"\/>\n\n\n\n<h4 class=\"wp-block-heading\">Id\u00e9er til v\u00e6rdiskabende efterbehandling af workshops<\/h4>\n\n\n\n<div data-wp-interactive=\"core\/file\" class=\"wp-block-file\"><object data-wp-bind--hidden=\"!state.hasPdfPreview\" hidden class=\"wp-block-file__embed\" data=\"https:\/\/trinfortrin.samfundslitteratur.dk\/wp-content\/uploads\/2022\/02\/Kapitel-9-Ideer-til-vaerdiskabende-efterbehandling-af-workshops.pdf\" type=\"application\/pdf\" style=\"width:100%;height:600px\" aria-label=\"Embed of Embed of Kapitel 9 - Id\u00e9er til v\u00e6rdiskabende efterbehandling af workshops..\"><\/object><a id=\"wp-block-file--media-c1459a1d-c038-4611-8638-9b920c3d7f1c\" href=\"https:\/\/trinfortrin.samfundslitteratur.dk\/wp-content\/uploads\/2022\/02\/Kapitel-9-Ideer-til-vaerdiskabende-efterbehandling-af-workshops.pdf\">Kapitel 9 &#8211; Id\u00e9er til v\u00e6rdiskabende efterbehandling af workshops<\/a><a href=\"https:\/\/trinfortrin.samfundslitteratur.dk\/wp-content\/uploads\/2022\/02\/Kapitel-9-Ideer-til-vaerdiskabende-efterbehandling-af-workshops.pdf\" class=\"wp-block-file__button\" download aria-describedby=\"wp-block-file--media-c1459a1d-c038-4611-8638-9b920c3d7f1c\">Download<\/a><\/div>\n","protected":false},"excerpt":{"rendered":"<p>Eksempel p\u00e5 et klassisk evalueringsskema Id\u00e9er til v\u00e6rdiskabende efterbehandling af workshops<\/p>\n","protected":false},"author":6,"featured_media":0,"parent":82,"menu_order":5,"comment_status":"closed","ping_status":"closed","template":"","meta":{"footnotes":""},"class_list":["post-605","page","type-page","status-publish","hentry"],"_links":{"self":[{"href":"https:\/\/trinfortrin.samfundslitteratur.dk\/index.php?rest_route=\/wp\/v2\/pages\/605","targetHints":{"allow":["GET"]}}],"collection":[{"href":"https:\/\/trinfortrin.samfundslitteratur.dk\/index.php?rest_route=\/wp\/v2\/pages"}],"about":[{"href":"https:\/\/trinfortrin.samfundslitteratur.dk\/index.php?rest_route=\/wp\/v2\/types\/page"}],"author":[{"embeddable":true,"href":"https:\/\/trinfortrin.samfundslitteratur.dk\/index.php?rest_route=\/wp\/v2\/users\/6"}],"replies":[{"embeddable":true,"href":"https:\/\/trinfortrin.samfundslitteratur.dk\/index.php?rest_route=%2Fwp%2Fv2%2Fcomments&post=605"}],"version-history":[{"count":2,"href":"https:\/\/trinfortrin.samfundslitteratur.dk\/index.php?rest_route=\/wp\/v2\/pages\/605\/revisions"}],"predecessor-version":[{"id":619,"href":"https:\/\/trinfortrin.samfundslitteratur.dk\/index.php?rest_route=\/wp\/v2\/pages\/605\/revisions\/619"}],"up":[{"embeddable":true,"href":"https:\/\/trinfortrin.samfundslitteratur.dk\/index.php?rest_route=\/wp\/v2\/pages\/82"}],"wp:attachment":[{"href":"https:\/\/trinfortrin.samfundslitteratur.dk\/index.php?rest_route=%2Fwp%2Fv2%2Fmedia&parent=605"}],"curies":[{"name":"wp","href":"https:\/\/api.w.org\/{rel}","templated":true}]}}