{"id":596,"date":"2022-02-25T11:26:06","date_gmt":"2022-02-25T10:26:06","guid":{"rendered":"https:\/\/trinfortrin.samfundslitteratur.dk\/?page_id=596"},"modified":"2022-02-25T13:01:06","modified_gmt":"2022-02-25T12:01:06","slug":"kapitel-7-workshopledelse-og-facilitering","status":"publish","type":"page","link":"https:\/\/trinfortrin.samfundslitteratur.dk\/?page_id=596","title":{"rendered":"Kapitel 7 &#8211; Workshopledelse og facilitering"},"content":{"rendered":"\n<h4 class=\"wp-block-heading\">Tjekliste til, hvordan du kan skabe gode fysiske rammer for workshoppen<\/h4>\n\n\n\n<div data-wp-interactive=\"core\/file\" class=\"wp-block-file\"><object data-wp-bind--hidden=\"!state.hasPdfPreview\" hidden class=\"wp-block-file__embed\" data=\"https:\/\/trinfortrin.samfundslitteratur.dk\/wp-content\/uploads\/2022\/02\/Kapitel-7-Tjekliste-til-hvordan-du-kan-skabe-gode-fysiske-rammer-for-workshoppen.pdf\" type=\"application\/pdf\" style=\"width:100%;height:600px\" aria-label=\"Embed of Embed of Kapitel 7 - Tjekliste til, hvordan du kan skabe gode fysiske rammer for workshoppen..\"><\/object><a id=\"wp-block-file--media-617ed411-bcd4-4044-be5f-18ff96c26a25\" href=\"https:\/\/trinfortrin.samfundslitteratur.dk\/wp-content\/uploads\/2022\/02\/Kapitel-7-Tjekliste-til-hvordan-du-kan-skabe-gode-fysiske-rammer-for-workshoppen.pdf\">Kapitel 7 &#8211; Tjekliste til, hvordan du kan skabe gode fysiske rammer for workshoppen<\/a><a href=\"https:\/\/trinfortrin.samfundslitteratur.dk\/wp-content\/uploads\/2022\/02\/Kapitel-7-Tjekliste-til-hvordan-du-kan-skabe-gode-fysiske-rammer-for-workshoppen.pdf\" class=\"wp-block-file__button\" download aria-describedby=\"wp-block-file--media-617ed411-bcd4-4044-be5f-18ff96c26a25\">Download<\/a><\/div>\n\n\n\n<hr class=\"wp-block-separator is-style-dots\"\/>\n\n\n\n<h4 class=\"wp-block-heading\">Id\u00e9er til, hvordan du kan facilitere ved hj\u00e6lp af materialer<\/h4>\n\n\n\n<div data-wp-interactive=\"core\/file\" class=\"wp-block-file\"><object data-wp-bind--hidden=\"!state.hasPdfPreview\" hidden class=\"wp-block-file__embed\" data=\"https:\/\/trinfortrin.samfundslitteratur.dk\/wp-content\/uploads\/2022\/02\/Kapitel-7-Ideer-til-hvordan-du-kan-facilitere-ved-hjaelp-af-materialer.pdf\" type=\"application\/pdf\" style=\"width:100%;height:600px\" aria-label=\"Embed of Embed of Kapitel 7 - Id\u00e9er til, hvordan du kan facilitere ved hj\u00e6lp af materialer..\"><\/object><a id=\"wp-block-file--media-0aade0d4-9c28-4467-a709-07cc0f50417a\" href=\"https:\/\/trinfortrin.samfundslitteratur.dk\/wp-content\/uploads\/2022\/02\/Kapitel-7-Ideer-til-hvordan-du-kan-facilitere-ved-hjaelp-af-materialer.pdf\">Kapitel 7 &#8211; Id\u00e9er til, hvordan du kan facilitere ved hj\u00e6lp af materialer<\/a><a href=\"https:\/\/trinfortrin.samfundslitteratur.dk\/wp-content\/uploads\/2022\/02\/Kapitel-7-Ideer-til-hvordan-du-kan-facilitere-ved-hjaelp-af-materialer.pdf\" class=\"wp-block-file__button\" download aria-describedby=\"wp-block-file--media-0aade0d4-9c28-4467-a709-07cc0f50417a\">Download<\/a><\/div>\n\n\n\n<hr class=\"wp-block-separator is-style-dots\"\/>\n\n\n\n<h4 class=\"wp-block-heading\">Gode r\u00e5d til at h\u00e5ndtere deltagernes sv\u00e6re sp\u00f8rgsm\u00e5l i plenum<\/h4>\n\n\n\n<div data-wp-interactive=\"core\/file\" class=\"wp-block-file\"><object data-wp-bind--hidden=\"!state.hasPdfPreview\" hidden class=\"wp-block-file__embed\" data=\"https:\/\/trinfortrin.samfundslitteratur.dk\/wp-content\/uploads\/2022\/02\/Kapitel-7-Gode-rad-til-at-handtere-deltagernes-svaere-sporgsmal-i-plenum.pdf\" type=\"application\/pdf\" style=\"width:100%;height:600px\" aria-label=\"Embed of Embed of Kapitel 7 - Gode r\u00e5d til at h\u00e5ndtere deltagernes sv\u00e6re sp\u00f8rgsm\u00e5l i plenum..\"><\/object><a id=\"wp-block-file--media-ec036155-505a-43f3-b254-2e4f7e98351e\" href=\"https:\/\/trinfortrin.samfundslitteratur.dk\/wp-content\/uploads\/2022\/02\/Kapitel-7-Gode-rad-til-at-handtere-deltagernes-svaere-sporgsmal-i-plenum.pdf\">Kapitel 7 &#8211; Gode r\u00e5d til at h\u00e5ndtere deltagernes sv\u00e6re sp\u00f8rgsm\u00e5l i plenum<\/a><a href=\"https:\/\/trinfortrin.samfundslitteratur.dk\/wp-content\/uploads\/2022\/02\/Kapitel-7-Gode-rad-til-at-handtere-deltagernes-svaere-sporgsmal-i-plenum.pdf\" class=\"wp-block-file__button\" download aria-describedby=\"wp-block-file--media-ec036155-505a-43f3-b254-2e4f7e98351e\">Download<\/a><\/div>\n\n\n\n<hr class=\"wp-block-separator is-style-dots\"\/>\n\n\n\n<h4 class=\"wp-block-heading\">En vejledning til, hvordan du som facilitator kan h\u00e5ndtere forstyrrelser undervejs i workshoppen<\/h4>\n\n\n\n<div data-wp-interactive=\"core\/file\" class=\"wp-block-file\"><object data-wp-bind--hidden=\"!state.hasPdfPreview\" hidden class=\"wp-block-file__embed\" data=\"https:\/\/trinfortrin.samfundslitteratur.dk\/wp-content\/uploads\/2022\/02\/Kapitel-7-En-vejledning-til-hvordan-du-som-facilitator-kan-handtere-forstyrrelser-undervejs-i-workshoppen.pdf\" type=\"application\/pdf\" style=\"width:100%;height:600px\" aria-label=\"Embed of Embed of Kapitel 7 - En vejledning til, hvordan du som facilitator kan h\u00e5ndtere forstyrrelser undervejs i workshoppen..\"><\/object><a id=\"wp-block-file--media-de4aab74-c7c5-4758-95a9-2e4f4c9a5451\" href=\"https:\/\/trinfortrin.samfundslitteratur.dk\/wp-content\/uploads\/2022\/02\/Kapitel-7-En-vejledning-til-hvordan-du-som-facilitator-kan-handtere-forstyrrelser-undervejs-i-workshoppen.pdf\">Kapitel 7 &#8211; En vejledning til, hvordan du som facilitator kan h\u00e5ndtere forstyrrelser undervejs i workshoppen<\/a><a href=\"https:\/\/trinfortrin.samfundslitteratur.dk\/wp-content\/uploads\/2022\/02\/Kapitel-7-En-vejledning-til-hvordan-du-som-facilitator-kan-handtere-forstyrrelser-undervejs-i-workshoppen.pdf\" class=\"wp-block-file__button\" download aria-describedby=\"wp-block-file--media-de4aab74-c7c5-4758-95a9-2e4f4c9a5451\">Download<\/a><\/div>\n","protected":false},"excerpt":{"rendered":"<p>Tjekliste til, hvordan du kan skabe gode fysiske rammer for workshoppen Id\u00e9er til, hvordan du kan facilitere ved hj\u00e6lp af materialer Gode r\u00e5d til at h\u00e5ndtere deltagernes sv\u00e6re sp\u00f8rgsm\u00e5l i plenum En vejledning til, hvordan du som facilitator kan h\u00e5ndtere forstyrrelser undervejs i workshoppen<\/p>\n","protected":false},"author":6,"featured_media":0,"parent":82,"menu_order":2,"comment_status":"closed","ping_status":"closed","template":"","meta":{"footnotes":""},"class_list":["post-596","page","type-page","status-publish","hentry"],"_links":{"self":[{"href":"https:\/\/trinfortrin.samfundslitteratur.dk\/index.php?rest_route=\/wp\/v2\/pages\/596","targetHints":{"allow":["GET"]}}],"collection":[{"href":"https:\/\/trinfortrin.samfundslitteratur.dk\/index.php?rest_route=\/wp\/v2\/pages"}],"about":[{"href":"https:\/\/trinfortrin.samfundslitteratur.dk\/index.php?rest_route=\/wp\/v2\/types\/page"}],"author":[{"embeddable":true,"href":"https:\/\/trinfortrin.samfundslitteratur.dk\/index.php?rest_route=\/wp\/v2\/users\/6"}],"replies":[{"embeddable":true,"href":"https:\/\/trinfortrin.samfundslitteratur.dk\/index.php?rest_route=%2Fwp%2Fv2%2Fcomments&post=596"}],"version-history":[{"count":2,"href":"https:\/\/trinfortrin.samfundslitteratur.dk\/index.php?rest_route=\/wp\/v2\/pages\/596\/revisions"}],"predecessor-version":[{"id":617,"href":"https:\/\/trinfortrin.samfundslitteratur.dk\/index.php?rest_route=\/wp\/v2\/pages\/596\/revisions\/617"}],"up":[{"embeddable":true,"href":"https:\/\/trinfortrin.samfundslitteratur.dk\/index.php?rest_route=\/wp\/v2\/pages\/82"}],"wp:attachment":[{"href":"https:\/\/trinfortrin.samfundslitteratur.dk\/index.php?rest_route=%2Fwp%2Fv2%2Fmedia&parent=596"}],"curies":[{"name":"wp","href":"https:\/\/api.w.org\/{rel}","templated":true}]}}