{"id":42,"date":"2021-03-29T10:26:21","date_gmt":"2021-03-29T08:26:21","guid":{"rendered":"https:\/\/trinfortrin.samfundslitteratur.dk\/?page_id=42"},"modified":"2021-10-01T11:40:20","modified_gmt":"2021-10-01T09:40:20","slug":"kapitel-9","status":"publish","type":"page","link":"https:\/\/trinfortrin.samfundslitteratur.dk\/?page_id=42","title":{"rendered":"Kapitel 9 &#8211; Fase 5: Afrapportering"},"content":{"rendered":"\n<h4 class=\"wp-block-heading\">Skabelon til testrapport<\/h4>\n\n\n\n<p>En klassisk testrapport vil typisk indeholde f\u00f8lgende elementer. R\u00e6kkef\u00f8lgen af elementerne kan variere.<\/p>\n\n\n\n<div data-wp-interactive=\"core\/file\" class=\"wp-block-file\"><object data-wp-bind--hidden=\"!state.hasPdfPreview\" hidden class=\"wp-block-file__embed\" data=\"https:\/\/trinfortrin.samfundslitteratur.dk\/wp-content\/uploads\/2021\/09\/Brugertest-Kap.-9-Afrapportering.pdf\" type=\"application\/pdf\" style=\"width:100%;height:460px\" aria-label=\"Embed of Embed of Brugertest-Kap.-9-Afrapportering..\"><\/object><a href=\"https:\/\/trinfortrin.samfundslitteratur.dk\/wp-content\/uploads\/2021\/09\/Brugertest-Kap.-9-Afrapportering.pdf\">Brugertest-Kap.-9-Afrapportering<\/a><a href=\"https:\/\/trinfortrin.samfundslitteratur.dk\/wp-content\/uploads\/2021\/09\/Brugertest-Kap.-9-Afrapportering.pdf\" class=\"wp-block-file__button\" download>Download<\/a><\/div>\n\n\n\n<div class=\"wp-block-buttons is-content-justification-center is-layout-flex wp-block-buttons-is-layout-flex\">\n<div class=\"wp-block-button\"><a class=\"wp-block-button__link has-text-color has-background\" href=\"https:\/\/samfundslitteratur.dk\/bog\/effektive-brugertest-trin-trin\" style=\"border-radius:2px;background-color:#88a9ab;color:#fffffa\">K\u00f8b bogen her<\/a><\/div>\n<\/div>\n\n\n\n<p><\/p>\n","protected":false},"excerpt":{"rendered":"<p>Skabelon til testrapport En klassisk testrapport vil typisk indeholde f\u00f8lgende elementer. R\u00e6kkef\u00f8lgen af elementerne kan variere.<\/p>\n","protected":false},"author":6,"featured_media":0,"parent":18,"menu_order":9,"comment_status":"closed","ping_status":"closed","template":"","meta":{"footnotes":""},"class_list":["post-42","page","type-page","status-publish","hentry"],"_links":{"self":[{"href":"https:\/\/trinfortrin.samfundslitteratur.dk\/index.php?rest_route=\/wp\/v2\/pages\/42","targetHints":{"allow":["GET"]}}],"collection":[{"href":"https:\/\/trinfortrin.samfundslitteratur.dk\/index.php?rest_route=\/wp\/v2\/pages"}],"about":[{"href":"https:\/\/trinfortrin.samfundslitteratur.dk\/index.php?rest_route=\/wp\/v2\/types\/page"}],"author":[{"embeddable":true,"href":"https:\/\/trinfortrin.samfundslitteratur.dk\/index.php?rest_route=\/wp\/v2\/users\/6"}],"replies":[{"embeddable":true,"href":"https:\/\/trinfortrin.samfundslitteratur.dk\/index.php?rest_route=%2Fwp%2Fv2%2Fcomments&post=42"}],"version-history":[{"count":14,"href":"https:\/\/trinfortrin.samfundslitteratur.dk\/index.php?rest_route=\/wp\/v2\/pages\/42\/revisions"}],"predecessor-version":[{"id":494,"href":"https:\/\/trinfortrin.samfundslitteratur.dk\/index.php?rest_route=\/wp\/v2\/pages\/42\/revisions\/494"}],"up":[{"embeddable":true,"href":"https:\/\/trinfortrin.samfundslitteratur.dk\/index.php?rest_route=\/wp\/v2\/pages\/18"}],"wp:attachment":[{"href":"https:\/\/trinfortrin.samfundslitteratur.dk\/index.php?rest_route=%2Fwp%2Fv2%2Fmedia&parent=42"}],"curies":[{"name":"wp","href":"https:\/\/api.w.org\/{rel}","templated":true}]}}