{"id":18,"date":"2021-03-29T09:33:33","date_gmt":"2021-03-29T07:33:33","guid":{"rendered":"https:\/\/trinfortrin.samfundslitteratur.dk\/?page_id=18"},"modified":"2022-02-02T13:36:19","modified_gmt":"2022-02-02T12:36:19","slug":"effektive-brugertest","status":"publish","type":"page","link":"https:\/\/trinfortrin.samfundslitteratur.dk\/?page_id=18","title":{"rendered":"Brugertest"},"content":{"rendered":"\n<p>Direkt\u00f8ren klapper, ingeni\u00f8rerne er tilfredse, og s\u00e6lgerne vil bare have produktet ud over rampen. MEN kunderne vender tommelfingeren nedad, og produktet s\u00e6lger ikke. Det er rigtig \u00e6rgerligt! Ikke mindst fordi, du kunne have undg\u00e5et situation ved at inddrage brugerne i udviklingen af dit produkt.<\/p>\n\n\n\n<p>Metoden hedder brugertest. Med en brugertest unders\u00f8ger du, hvordan m\u00e5lgruppen oplever dit koncept, dit produkt eller din service. Testen giver dig viden til at skabe produkter, som m\u00e5lgruppen vil elske.<\/p>\n\n\n\n<p>Denne bog guider dig igennem den proces, det er at lave en brugertest fra start til slut.<\/p>\n\n\n\n<p>Bogen er beregnet til at blive brugt af dig, der ogs\u00e5 har travlt med alt mulig andet, og derfor er den kortfattet og g\u00e5r lige til sagen. Den trinvise tilgang til brugertest-metoden og de mange eksempler, forklaringer og illustrationer hj\u00e6lper dig godt i gang.<\/p>\n\n\n\n<p>Du kan l\u00e6se bogen i dag og g\u00e5 i gang med at forberede din f\u00f8rste brugertest i morgen.<\/p>\n\n\n\n<div class=\"wp-block-buttons is-horizontal is-content-justification-center is-layout-flex wp-container-core-buttons-is-layout-499968f5 wp-block-buttons-is-layout-flex\">\n<div class=\"wp-block-button\"><a class=\"wp-block-button__link has-text-color has-background\" href=\"https:\/\/samfundslitteratur.dk\/bog\/effektive-brugertest-trin-trin\" style=\"border-radius:2px;background-color:#88a9ab;color:#fffffa\">K\u00f8b bogen her<\/a><\/div>\n\n\n\n<div class=\"wp-block-button is-style-outline is-style-outline--1\"><a class=\"wp-block-button__link has-text-color\" href=\"https:\/\/samfundslitteratur.dk\/\" style=\"border-radius:2px;color:#88a9ab\">Om Samfundslitteratur<\/a><\/div>\n<\/div>\n\n\n\n<hr class=\"wp-block-separator has-text-color has-background has-white-background-color has-white-color\"\/>\n\n\n\n<hr class=\"wp-block-separator\"\/>\n\n\n\n<div class=\"wp-block-buttons is-horizontal is-content-justification-center is-layout-flex wp-container-core-buttons-is-layout-499968f5 wp-block-buttons-is-layout-flex\">\n<div class=\"wp-block-button\"><a class=\"wp-block-button__link\" href=\"https:\/\/trinfortrin.samfundslitteratur.dk\/?page_id=30\">Kapitel 4<\/a><\/div>\n\n\n\n<div class=\"wp-block-button\"><a class=\"wp-block-button__link\" href=\"https:\/\/trinfortrin.samfundslitteratur.dk\/?page_id=34\">Kapitel 5<\/a><\/div>\n\n\n\n<div class=\"wp-block-button\"><a class=\"wp-block-button__link\" href=\"https:\/\/trinfortrin.samfundslitteratur.dk\/?page_id=36\">Kapitel 6<\/a><\/div>\n\n\n\n<div class=\"wp-block-button\"><a class=\"wp-block-button__link\" href=\"https:\/\/trinfortrin.samfundslitteratur.dk\/?page_id=38\">Kapitel 7<\/a><\/div>\n\n\n\n<div class=\"wp-block-button\"><a class=\"wp-block-button__link\" href=\"https:\/\/trinfortrin.samfundslitteratur.dk\/?page_id=305\">Kapitel 8<\/a><\/div>\n\n\n\n<div class=\"wp-block-button\"><a class=\"wp-block-button__link\" href=\"https:\/\/trinfortrin.samfundslitteratur.dk\/?page_id=42\">Kapitel 9<\/a><\/div>\n<\/div>\n\n\n\n<hr class=\"wp-block-separator\"\/>\n\n\n\n<h4 class=\"wp-block-heading\" id=\"om-forfatterne\">Om forfatterne<\/h4>\n\n\n\n<p><strong>Cecilie Steentoft<\/strong><\/p>\n\n\n\n<p>Cecilie Steentoft har arbejdet med kundeindsigt og brugervenlighed i 20 \u00e5r. &nbsp;Hun er uddannet cand.mag. i medievidenskab fra Aarhus Universitet. &nbsp;<\/p>\n\n\n\n<p>Gennem hele sit arbejdsliv har Cecilie Steentoft besk\u00e6ftiget sig med brugerindsigt i en digital sammenh\u00e6ng. Aktuelt er hun ansat som Lead UX Designer hos Whiteaway Group, hvor hun hj\u00e6lper med at forbedre brugeroplevelsen p\u00e5 virksomhedens mange digitale platforme.<\/p>\n\n\n\n<p>Cecilie Steentoft har i \u00e5renes l\u00f8b gennemf\u00f8rt over 2000 brugertest, dybdeinterviews og fokusgrupper.<\/p>\n\n\n\n<p><strong>Charlotte Albrechtsen<\/strong><\/p>\n\n\n\n<p>Charlotte Albrechtsen har lavet brugertest for en r\u00e6kke private og offentlige virksomheder. Hun er uddannet cand.mag. i litteraturhistorie og antropologi og ph.d. i virksomhedskommunikation.<\/p>\n\n\n\n<p>Til daglig er Charlotte Albrechtsen selvst\u00e6ndig analysekonsulent i virksomheden Tovejs. Sidel\u00f8bende hermed underviser hun i kvalitativ metode og unders\u00f8gelsesdesign ved Syddansk Universitet, og hun er serieredakt\u00f8r for trin for trin-serien.<\/p>\n\n\n\n<p>Charlotte Albrechtsen har tidligere udgivet b\u00f8ger om storytelling i organisationer, sp\u00f8rgeskemadesign og CV-skrivning. Desuden har hun udgivet langt over hundrede blogindl\u00e6g om brugerunders\u00f8gende metoder p\u00e5 Tovejs.dk\/blog.<\/p>\n","protected":false},"excerpt":{"rendered":"<p>Direkt\u00f8ren klapper, ingeni\u00f8rerne er tilfredse, og s\u00e6lgerne vil bare have produktet ud over rampen. MEN kunderne vender tommelfingeren nedad, og produktet s\u00e6lger ikke. Det er rigtig \u00e6rgerligt! Ikke mindst fordi, du kunne have undg\u00e5et situation ved at inddrage brugerne i udviklingen af dit produkt. Metoden hedder brugertest. Med en brugertest unders\u00f8ger du, hvordan m\u00e5lgruppen oplever dit koncept, dit produkt eller din service. Testen giver dig viden til at skabe produkter, som m\u00e5lgruppen vil elske. Denne bog guider dig igennem den proces, det er at lave en brugertest fra start til slut. Bogen er beregnet til at blive brugt af dig, der ogs\u00e5 har travlt med alt mulig andet, og derfor er den kortfattet og g\u00e5r lige til sagen. Den trinvise tilgang til brugertest-metoden og de mange eksempler, forklaringer og illustrationer hj\u00e6lper dig godt i gang. Du kan l\u00e6se bogen i dag og g\u00e5 i gang med at forberede din f\u00f8rste brugertest i morgen. Om forfatterne Cecilie Steentoft Cecilie Steentoft har arbejdet med kundeindsigt og brugervenlighed i 20 \u00e5r. &nbsp;Hun er uddannet cand.mag. i medievidenskab fra Aarhus Universitet. &nbsp; Gennem hele sit arbejdsliv har Cecilie Steentoft besk\u00e6ftiget sig med brugerindsigt i en digital sammenh\u00e6ng. Aktuelt er hun ansat som Lead UX Designer hos Whiteaway Group, hvor hun hj\u00e6lper med at forbedre brugeroplevelsen p\u00e5 virksomhedens mange digitale platforme. Cecilie Steentoft har i \u00e5renes l\u00f8b gennemf\u00f8rt over 2000 brugertest, dybdeinterviews og fokusgrupper. Charlotte Albrechtsen Charlotte Albrechtsen har lavet brugertest for en r\u00e6kke private og offentlige virksomheder. Hun er uddannet cand.mag. i litteraturhistorie og antropologi og ph.d. i virksomhedskommunikation. Til daglig er Charlotte Albrechtsen selvst\u00e6ndig analysekonsulent i virksomheden Tovejs. Sidel\u00f8bende hermed underviser hun i kvalitativ metode og unders\u00f8gelsesdesign ved Syddansk Universitet, og hun er serieredakt\u00f8r for trin for trin-serien. Charlotte Albrechtsen har tidligere udgivet b\u00f8ger om storytelling i organisationer, sp\u00f8rgeskemadesign og CV-skrivning. Desuden har hun udgivet langt over hundrede blogindl\u00e6g om brugerunders\u00f8gende metoder p\u00e5 Tovejs.dk\/blog.<\/p>\n","protected":false},"author":6,"featured_media":574,"parent":0,"menu_order":0,"comment_status":"closed","ping_status":"closed","template":"","meta":{"footnotes":""},"class_list":["post-18","page","type-page","status-publish","has-post-thumbnail","hentry"],"_links":{"self":[{"href":"https:\/\/trinfortrin.samfundslitteratur.dk\/index.php?rest_route=\/wp\/v2\/pages\/18","targetHints":{"allow":["GET"]}}],"collection":[{"href":"https:\/\/trinfortrin.samfundslitteratur.dk\/index.php?rest_route=\/wp\/v2\/pages"}],"about":[{"href":"https:\/\/trinfortrin.samfundslitteratur.dk\/index.php?rest_route=\/wp\/v2\/types\/page"}],"author":[{"embeddable":true,"href":"https:\/\/trinfortrin.samfundslitteratur.dk\/index.php?rest_route=\/wp\/v2\/users\/6"}],"replies":[{"embeddable":true,"href":"https:\/\/trinfortrin.samfundslitteratur.dk\/index.php?rest_route=%2Fwp%2Fv2%2Fcomments&post=18"}],"version-history":[{"count":15,"href":"https:\/\/trinfortrin.samfundslitteratur.dk\/index.php?rest_route=\/wp\/v2\/pages\/18\/revisions"}],"predecessor-version":[{"id":578,"href":"https:\/\/trinfortrin.samfundslitteratur.dk\/index.php?rest_route=\/wp\/v2\/pages\/18\/revisions\/578"}],"wp:featuredmedia":[{"embeddable":true,"href":"https:\/\/trinfortrin.samfundslitteratur.dk\/index.php?rest_route=\/wp\/v2\/media\/574"}],"wp:attachment":[{"href":"https:\/\/trinfortrin.samfundslitteratur.dk\/index.php?rest_route=%2Fwp%2Fv2%2Fmedia&parent=18"}],"curies":[{"name":"wp","href":"https:\/\/api.w.org\/{rel}","templated":true}]}}