{"id":139,"date":"2021-03-31T13:54:31","date_gmt":"2021-03-31T11:54:31","guid":{"rendered":"https:\/\/trinfortrin.samfundslitteratur.dk\/?page_id=139"},"modified":"2026-03-12T09:46:51","modified_gmt":"2026-03-12T08:46:51","slug":"om-forfatterne","status":"publish","type":"page","link":"https:\/\/trinfortrin.samfundslitteratur.dk\/?page_id=139","title":{"rendered":"Om forfatterne"},"content":{"rendered":"\n<h5 class=\"wp-block-heading\"><strong>Charlotte Albrechtsen<\/strong><\/h5>\n\n\n\n<p>Til daglig er Charlotte Albrechtsen selvst\u00e6ndig analysekonsulent i virksomheden Tovejs. Sidel\u00f8bende hermed underviser hun i kvalitativ metode og unders\u00f8gelsesdesign ved Syddansk Universitet, og hun er serieredakt\u00f8r for trin for trin-serien.<\/p>\n\n\n\n<p>Charlotte Albrechtsen har tidligere udgivet b\u00f8ger om storytelling i organisationer, sp\u00f8rgeskemadesign og CV-skrivning. Desuden har hun udgivet langt over hundrede blogindl\u00e6g om brugerunders\u00f8gende metoder p\u00e5 Tovejs.dk\/blog.<\/p>\n\n\n\n<hr class=\"wp-block-separator has-css-opacity is-style-dots\"\/>\n\n\n\n<h5 class=\"wp-block-heading\"><strong>Cecilie Steentoft<\/strong><\/h5>\n\n\n\n<p>Cecilie Steentoft har arbejdet med kundeindsigt og brugervenlighed i 20 \u00e5r. &nbsp;Hun er uddannet cand.mag. i medievidenskab fra Aarhus Universitet. &nbsp;<\/p>\n\n\n\n<p>Gennem hele sit arbejdsliv har Cecilie Steentoft besk\u00e6ftiget sig med brugerindsigt i en digital sammenh\u00e6ng. Aktuelt er hun ansat som Lead UX Designer hos Whiteaway Group, hvor hun hj\u00e6lper med at forbedre brugeroplevelsen p\u00e5 virksomhedens mange digitale platforme.<\/p>\n\n\n\n<p>Cecilie Steentoft har i \u00e5renes l\u00f8b gennemf\u00f8rt over 2000 brugertest, dybdeinterviews og fokusgrupper.<\/p>\n\n\n\n<hr class=\"wp-block-separator has-css-opacity is-style-dots\"\/>\n\n\n\n<h5 class=\"wp-block-heading\"><strong>Anne-Sofie Thomsen<\/strong><\/h5>\n\n\n\n<p>Anne-Sofie Thomsen er uddannet designer, har en BA i retorik og har arbejdet i krydsfeltet mellem design og kommunikation i n\u00e6sten 20 \u00e5r.<\/p>\n\n\n\n<p>Siden 2013 har hun arbejdet i med digitalisering i den kommunale sektor, hvor hun bl.a. har undervist og uddannet kommunale medarbejdere i at arbejde med brugerrejser og servicedesign.<\/p>\n\n\n\n<p>Aktuelt er Anne-Sofie Thomsen specialkonsulent i Kommunernes Landsforening, hvor hun arbejder med brugerindsigter i den digitale udvikling af den offentlige sektor.<\/p>\n\n\n\n<hr class=\"wp-block-separator has-alpha-channel-opacity is-style-dots\"\/>\n\n\n\n<h5 class=\"wp-block-heading\"><strong>Tine Wirenfeldt Jensen<\/strong><\/h5>\n\n\n\n<p>Tine Wirenfeldt Jensen har undervist andre i at undervise og formidle i 20 \u00e5r. Hun er ph.d. i l\u00e6ring og uddannelse og er selvst\u00e6ndig uddannelseskonsulent, foredragsholder og forfatter i virksomheden METoDo. <\/p>\n\n\n\n<p>Hun er ogs\u00e5 ekstern adjunktvejleder ved Syddansk Universitet og har i en \u00e5rr\u00e6kke v\u00e6ret en del af censorkorpset for retorik. <\/p>\n\n\n\n<p>Tine Wirenfeldt Jensen har i \u00e5renes l\u00f8b afholdt hundredevis af workshops i uddannelsessektoren og for organisationer og virksomheder.<\/p>\n","protected":false},"excerpt":{"rendered":"<p>Charlotte Albrechtsen Til daglig er Charlotte Albrechtsen selvst\u00e6ndig analysekonsulent i virksomheden Tovejs. Sidel\u00f8bende hermed underviser hun i kvalitativ metode og unders\u00f8gelsesdesign ved Syddansk Universitet, og hun er serieredakt\u00f8r for trin for trin-serien. Charlotte Albrechtsen har tidligere udgivet b\u00f8ger om storytelling i organisationer, sp\u00f8rgeskemadesign og CV-skrivning. Desuden har hun udgivet langt over hundrede blogindl\u00e6g om brugerunders\u00f8gende metoder p\u00e5 Tovejs.dk\/blog. Cecilie Steentoft Cecilie Steentoft har arbejdet med kundeindsigt og brugervenlighed i 20 \u00e5r. &nbsp;Hun er uddannet cand.mag. i medievidenskab fra Aarhus Universitet. &nbsp; Gennem hele sit arbejdsliv har Cecilie Steentoft besk\u00e6ftiget sig med brugerindsigt i en digital sammenh\u00e6ng. Aktuelt er hun ansat som Lead UX Designer hos Whiteaway Group, hvor hun hj\u00e6lper med at forbedre brugeroplevelsen p\u00e5 virksomhedens mange digitale platforme. Cecilie Steentoft har i \u00e5renes l\u00f8b gennemf\u00f8rt over 2000 brugertest, dybdeinterviews og fokusgrupper. Anne-Sofie Thomsen Anne-Sofie Thomsen er uddannet designer, har en BA i retorik og har arbejdet i krydsfeltet mellem design og kommunikation i n\u00e6sten 20 \u00e5r. Siden 2013 har hun arbejdet i med digitalisering i den kommunale sektor, hvor hun bl.a. har undervist og uddannet kommunale medarbejdere i at arbejde med brugerrejser og servicedesign. Aktuelt er Anne-Sofie Thomsen specialkonsulent i Kommunernes Landsforening, hvor hun arbejder med brugerindsigter i den digitale udvikling af den offentlige sektor. Tine Wirenfeldt Jensen Tine Wirenfeldt Jensen har undervist andre i at undervise og formidle i 20 \u00e5r. Hun er ph.d. i l\u00e6ring og uddannelse og er selvst\u00e6ndig uddannelseskonsulent, foredragsholder og forfatter i virksomheden METoDo. Hun er ogs\u00e5 ekstern adjunktvejleder ved Syddansk Universitet og har i en \u00e5rr\u00e6kke v\u00e6ret en del af censorkorpset for retorik. Tine Wirenfeldt Jensen har i \u00e5renes l\u00f8b afholdt hundredevis af workshops i uddannelsessektoren og for organisationer og virksomheder.<\/p>\n","protected":false},"author":6,"featured_media":0,"parent":0,"menu_order":0,"comment_status":"closed","ping_status":"closed","template":"","meta":{"footnotes":""},"class_list":["post-139","page","type-page","status-publish","hentry"],"_links":{"self":[{"href":"https:\/\/trinfortrin.samfundslitteratur.dk\/index.php?rest_route=\/wp\/v2\/pages\/139","targetHints":{"allow":["GET"]}}],"collection":[{"href":"https:\/\/trinfortrin.samfundslitteratur.dk\/index.php?rest_route=\/wp\/v2\/pages"}],"about":[{"href":"https:\/\/trinfortrin.samfundslitteratur.dk\/index.php?rest_route=\/wp\/v2\/types\/page"}],"author":[{"embeddable":true,"href":"https:\/\/trinfortrin.samfundslitteratur.dk\/index.php?rest_route=\/wp\/v2\/users\/6"}],"replies":[{"embeddable":true,"href":"https:\/\/trinfortrin.samfundslitteratur.dk\/index.php?rest_route=%2Fwp%2Fv2%2Fcomments&post=139"}],"version-history":[{"count":9,"href":"https:\/\/trinfortrin.samfundslitteratur.dk\/index.php?rest_route=\/wp\/v2\/pages\/139\/revisions"}],"predecessor-version":[{"id":817,"href":"https:\/\/trinfortrin.samfundslitteratur.dk\/index.php?rest_route=\/wp\/v2\/pages\/139\/revisions\/817"}],"wp:attachment":[{"href":"https:\/\/trinfortrin.samfundslitteratur.dk\/index.php?rest_route=%2Fwp%2Fv2%2Fmedia&parent=139"}],"curies":[{"name":"wp","href":"https:\/\/api.w.org\/{rel}","templated":true}]}}