{"id":108,"date":"2021-03-30T10:18:32","date_gmt":"2021-03-30T08:18:32","guid":{"rendered":"https:\/\/trinfortrin.samfundslitteratur.dk\/?page_id=108"},"modified":"2021-10-01T12:19:04","modified_gmt":"2021-10-01T10:19:04","slug":"kapitel-9","status":"publish","type":"page","link":"https:\/\/trinfortrin.samfundslitteratur.dk\/?page_id=108","title":{"rendered":"Kapitel 9 &#8211; Fase 5: Ibrugtagning"},"content":{"rendered":"\n<h4 class=\"wp-block-heading\">Id\u00e9er til fremstilling af personaer<\/h4>\n\n\n\n<div data-wp-interactive=\"core\/file\" class=\"wp-block-file\"><object data-wp-bind--hidden=\"!state.hasPdfPreview\" hidden class=\"wp-block-file__embed\" data=\"https:\/\/trinfortrin.samfundslitteratur.dk\/wp-content\/uploads\/2021\/10\/Personaer-Kap.-9-Ideer-til-fremstilling-af-personaer.pdf\" type=\"application\/pdf\" style=\"width:100%;height:600px\" aria-label=\"Embed of Embed of Personaer-Kap.-9-Ideer-til-fremstilling-af-personaer..\"><\/object><a href=\"https:\/\/trinfortrin.samfundslitteratur.dk\/wp-content\/uploads\/2021\/10\/Personaer-Kap.-9-Ideer-til-fremstilling-af-personaer.pdf\">Personaer-Kap.-9-Ideer-til-fremstilling-af-personaer<\/a><a href=\"https:\/\/trinfortrin.samfundslitteratur.dk\/wp-content\/uploads\/2021\/10\/Personaer-Kap.-9-Ideer-til-fremstilling-af-personaer.pdf\" class=\"wp-block-file__button\" download>Download<\/a><\/div>\n\n\n\n<hr class=\"wp-block-separator\"\/>\n\n\n\n<h4 class=\"wp-block-heading\">Guide til at interviewe en eller flere personaer om organisationens planer, forslag, l\u00f8sninger og produkter<\/h4>\n\n\n\n<div data-wp-interactive=\"core\/file\" class=\"wp-block-file\"><object data-wp-bind--hidden=\"!state.hasPdfPreview\" hidden class=\"wp-block-file__embed\" data=\"https:\/\/trinfortrin.samfundslitteratur.dk\/wp-content\/uploads\/2021\/09\/Personaer-Kap.-9-Sporgsmal.pdf\" type=\"application\/pdf\" style=\"width:100%;height:460px\" aria-label=\"Embed of Embed of Personaer-Kap.-9-Sporgsmal..\"><\/object><a href=\"https:\/\/trinfortrin.samfundslitteratur.dk\/wp-content\/uploads\/2021\/09\/Personaer-Kap.-9-Sporgsmal.pdf\">Personaer-Kap.-9-Sporgsmal<\/a><a href=\"https:\/\/trinfortrin.samfundslitteratur.dk\/wp-content\/uploads\/2021\/09\/Personaer-Kap.-9-Sporgsmal.pdf\" class=\"wp-block-file__button\" download>Download<\/a><\/div>\n\n\n\n<hr class=\"wp-block-separator\"\/>\n\n\n\n<h4 class=\"wp-block-heading\">En mini-guide til at udforske personaers f\u00f8lelser, tanker og handlinger ved hj\u00e6lp af et empatikort<\/h4>\n\n\n\n<div data-wp-interactive=\"core\/file\" class=\"wp-block-file\"><object data-wp-bind--hidden=\"!state.hasPdfPreview\" hidden class=\"wp-block-file__embed\" data=\"https:\/\/trinfortrin.samfundslitteratur.dk\/wp-content\/uploads\/2021\/10\/Personaer-Kap.-9-En-mini-guide.pdf\" type=\"application\/pdf\" style=\"width:100%;height:600px\" aria-label=\"Embed of Embed of Personaer-Kap.-9-En-mini-guide..\"><\/object><a href=\"https:\/\/trinfortrin.samfundslitteratur.dk\/wp-content\/uploads\/2021\/10\/Personaer-Kap.-9-En-mini-guide.pdf\">Personaer-Kap.-9-En-mini-guide<\/a><a href=\"https:\/\/trinfortrin.samfundslitteratur.dk\/wp-content\/uploads\/2021\/10\/Personaer-Kap.-9-En-mini-guide.pdf\" class=\"wp-block-file__button\" download>Download<\/a><\/div>\n\n\n\n<hr class=\"wp-block-separator has-text-color has-background has-white-background-color has-white-color is-style-dots\"\/>\n\n\n\n<div class=\"wp-block-buttons is-content-justification-center is-layout-flex wp-block-buttons-is-layout-flex\">\n<div class=\"wp-block-button\"><a class=\"wp-block-button__link has-text-color has-background\" href=\"https:\/\/samfundslitteratur.dk\/bog\/effektive-brugertest-trin-trin\" style=\"border-radius:2px;background-color:#88a9ab;color:#fffffa\" target=\"_blank\" rel=\"noreferrer noopener\">K\u00f8b bogen her<\/a><\/div>\n<\/div>\n\n\n\n<p><\/p>\n","protected":false},"excerpt":{"rendered":"<p>Id\u00e9er til fremstilling af personaer Guide til at interviewe en eller flere personaer om organisationens planer, forslag, l\u00f8sninger og produkter En mini-guide til at udforske personaers f\u00f8lelser, tanker og handlinger ved hj\u00e6lp af et empatikort<\/p>\n","protected":false},"author":6,"featured_media":0,"parent":24,"menu_order":9,"comment_status":"closed","ping_status":"closed","template":"","meta":{"footnotes":""},"class_list":["post-108","page","type-page","status-publish","hentry"],"_links":{"self":[{"href":"https:\/\/trinfortrin.samfundslitteratur.dk\/index.php?rest_route=\/wp\/v2\/pages\/108","targetHints":{"allow":["GET"]}}],"collection":[{"href":"https:\/\/trinfortrin.samfundslitteratur.dk\/index.php?rest_route=\/wp\/v2\/pages"}],"about":[{"href":"https:\/\/trinfortrin.samfundslitteratur.dk\/index.php?rest_route=\/wp\/v2\/types\/page"}],"author":[{"embeddable":true,"href":"https:\/\/trinfortrin.samfundslitteratur.dk\/index.php?rest_route=\/wp\/v2\/users\/6"}],"replies":[{"embeddable":true,"href":"https:\/\/trinfortrin.samfundslitteratur.dk\/index.php?rest_route=%2Fwp%2Fv2%2Fcomments&post=108"}],"version-history":[{"count":17,"href":"https:\/\/trinfortrin.samfundslitteratur.dk\/index.php?rest_route=\/wp\/v2\/pages\/108\/revisions"}],"predecessor-version":[{"id":506,"href":"https:\/\/trinfortrin.samfundslitteratur.dk\/index.php?rest_route=\/wp\/v2\/pages\/108\/revisions\/506"}],"up":[{"embeddable":true,"href":"https:\/\/trinfortrin.samfundslitteratur.dk\/index.php?rest_route=\/wp\/v2\/pages\/24"}],"wp:attachment":[{"href":"https:\/\/trinfortrin.samfundslitteratur.dk\/index.php?rest_route=%2Fwp%2Fv2%2Fmedia&parent=108"}],"curies":[{"name":"wp","href":"https:\/\/api.w.org\/{rel}","templated":true}]}}