{"id":106,"date":"2021-03-30T10:18:16","date_gmt":"2021-03-30T08:18:16","guid":{"rendered":"https:\/\/trinfortrin.samfundslitteratur.dk\/?page_id=106"},"modified":"2021-10-01T11:12:08","modified_gmt":"2021-10-01T09:12:08","slug":"kapitel-8","status":"publish","type":"page","link":"https:\/\/trinfortrin.samfundslitteratur.dk\/?page_id=106","title":{"rendered":"Kapitel 8 &#8211; Fase 4: Beskrivelse"},"content":{"rendered":"\n<h4 class=\"wp-block-heading\"><strong>En skabelon, som din personabeskrivelse kan tage udgangspunkt i<\/strong><\/h4>\n\n\n\n<div data-wp-interactive=\"core\/file\" class=\"wp-block-file\"><object data-wp-bind--hidden=\"!state.hasPdfPreview\" hidden class=\"wp-block-file__embed\" data=\"https:\/\/trinfortrin.samfundslitteratur.dk\/wp-content\/uploads\/2021\/09\/Personaer-Kap.-8-Personaskabelon.pdf\" type=\"application\/pdf\" style=\"width:100%;height:600px\" aria-label=\"Embed of Embed of Personaer-Kap.-8-Personaskabelon..\"><\/object><a href=\"https:\/\/trinfortrin.samfundslitteratur.dk\/wp-content\/uploads\/2021\/09\/Personaer-Kap.-8-Personaskabelon.pdf\">Personaer-Kap.-8-Personaskabelon<\/a><a href=\"https:\/\/trinfortrin.samfundslitteratur.dk\/wp-content\/uploads\/2021\/09\/Personaer-Kap.-8-Personaskabelon.pdf\" class=\"wp-block-file__button\" download>Download<\/a><\/div>\n\n\n\n<p>S\u00f8rg for at tilpasse skabelonen til dit eget form\u00e5l.<\/p>\n\n\n\n<hr class=\"wp-block-separator\"\/>\n\n\n\n<h4 class=\"wp-block-heading\">Tre eksempler p\u00e5 personabeskrivelser<\/h4>\n\n\n\n<div class=\"wp-block-file\"><a href=\"https:\/\/trinfortrin.samfundslitteratur.dk\/wp-content\/uploads\/2021\/04\/PERSONA_1.pdf\">Download personabeskrivelse 1 som PDF-fil her<\/a><a href=\"https:\/\/trinfortrin.samfundslitteratur.dk\/wp-content\/uploads\/2021\/04\/PERSONA_1.pdf\" class=\"wp-block-file__button\" download>Download<\/a><\/div>\n\n\n\n<div class=\"wp-block-file\"><a href=\"https:\/\/trinfortrin.samfundslitteratur.dk\/wp-content\/uploads\/2021\/04\/PERSONA_2.pdf\">Download personabeskrivelse 2 som PDF-fil her<\/a><a href=\"https:\/\/trinfortrin.samfundslitteratur.dk\/wp-content\/uploads\/2021\/04\/PERSONA_2.pdf\" class=\"wp-block-file__button\" download>Download<\/a><\/div>\n\n\n\n<div class=\"wp-block-file\"><a href=\"https:\/\/trinfortrin.samfundslitteratur.dk\/wp-content\/uploads\/2021\/04\/PERSONA_3.pdf\">Download personabeskrivelse 3 som PDF-fil her<\/a><a href=\"https:\/\/trinfortrin.samfundslitteratur.dk\/wp-content\/uploads\/2021\/04\/PERSONA_3.pdf\" class=\"wp-block-file__button\" download>Download<\/a><\/div>\n\n\n\n<hr class=\"wp-block-separator\"\/>\n\n\n\n<h4 class=\"wp-block-heading\"><strong>Beskrivelser af de fem spisende personaer<\/strong><\/h4>\n\n\n\n<div class=\"wp-block-file\"><a href=\"https:\/\/trinfortrin.samfundslitteratur.dk\/wp-content\/uploads\/2021\/04\/Beskrivelser-af-fem-spisende-personaer.pdf\">Download beskrivelserne af de fem spisende personaer som PDF-fil her<\/a><a href=\"https:\/\/trinfortrin.samfundslitteratur.dk\/wp-content\/uploads\/2021\/04\/Beskrivelser-af-fem-spisende-personaer.pdf\" class=\"wp-block-file__button\" download>Download<\/a><\/div>\n\n\n\n<p>Beskrivelserne er fremstillet af etnolog Mine Sylow for Bispebjerg &amp; Frederiksberg Hospital FM-K\u00f8kken.<\/p>\n\n\n\n<hr class=\"wp-block-separator is-style-dots\"\/>\n\n\n\n<div class=\"wp-block-buttons is-content-justification-center is-layout-flex wp-block-buttons-is-layout-flex\">\n<div class=\"wp-block-button\"><a class=\"wp-block-button__link has-text-color has-background\" href=\"https:\/\/samfundslitteratur.dk\/bog\/valide-personaer-trin-trin\" style=\"border-radius:2px;background-color:#88a9ab;color:#fffffa\" target=\"_blank\" rel=\"noreferrer noopener\">K\u00f8b bogen her<\/a><\/div>\n<\/div>\n\n\n\n<p><\/p>\n","protected":false},"excerpt":{"rendered":"<p>En skabelon, som din personabeskrivelse kan tage udgangspunkt i S\u00f8rg for at tilpasse skabelonen til dit eget form\u00e5l. Tre eksempler p\u00e5 personabeskrivelser Beskrivelser af de fem spisende personaer Beskrivelserne er fremstillet af etnolog Mine Sylow for Bispebjerg &amp; Frederiksberg Hospital FM-K\u00f8kken.<\/p>\n","protected":false},"author":6,"featured_media":0,"parent":24,"menu_order":8,"comment_status":"closed","ping_status":"closed","template":"","meta":{"footnotes":""},"class_list":["post-106","page","type-page","status-publish","hentry"],"_links":{"self":[{"href":"https:\/\/trinfortrin.samfundslitteratur.dk\/index.php?rest_route=\/wp\/v2\/pages\/106","targetHints":{"allow":["GET"]}}],"collection":[{"href":"https:\/\/trinfortrin.samfundslitteratur.dk\/index.php?rest_route=\/wp\/v2\/pages"}],"about":[{"href":"https:\/\/trinfortrin.samfundslitteratur.dk\/index.php?rest_route=\/wp\/v2\/types\/page"}],"author":[{"embeddable":true,"href":"https:\/\/trinfortrin.samfundslitteratur.dk\/index.php?rest_route=\/wp\/v2\/users\/6"}],"replies":[{"embeddable":true,"href":"https:\/\/trinfortrin.samfundslitteratur.dk\/index.php?rest_route=%2Fwp%2Fv2%2Fcomments&post=106"}],"version-history":[{"count":17,"href":"https:\/\/trinfortrin.samfundslitteratur.dk\/index.php?rest_route=\/wp\/v2\/pages\/106\/revisions"}],"predecessor-version":[{"id":488,"href":"https:\/\/trinfortrin.samfundslitteratur.dk\/index.php?rest_route=\/wp\/v2\/pages\/106\/revisions\/488"}],"up":[{"embeddable":true,"href":"https:\/\/trinfortrin.samfundslitteratur.dk\/index.php?rest_route=\/wp\/v2\/pages\/24"}],"wp:attachment":[{"href":"https:\/\/trinfortrin.samfundslitteratur.dk\/index.php?rest_route=%2Fwp%2Fv2%2Fmedia&parent=106"}],"curies":[{"name":"wp","href":"https:\/\/api.w.org\/{rel}","templated":true}]}}