{"id":104,"date":"2021-03-30T10:17:59","date_gmt":"2021-03-30T08:17:59","guid":{"rendered":"https:\/\/trinfortrin.samfundslitteratur.dk\/?page_id=104"},"modified":"2021-10-01T11:07:22","modified_gmt":"2021-10-01T09:07:22","slug":"kapitel-7","status":"publish","type":"page","link":"https:\/\/trinfortrin.samfundslitteratur.dk\/?page_id=104","title":{"rendered":"Kapitel 7 &#8211; Fase 3: Skitsering"},"content":{"rendered":"\n<h4 class=\"wp-block-heading\">Sp\u00f8rgsm\u00e5l, du kan bruge til at igangs\u00e6tte en dialog p\u00e5 din arbejdsplads om parametre for udv\u00e6lgelse af personaer<\/h4>\n\n\n\n<div data-wp-interactive=\"core\/file\" class=\"wp-block-file\"><object data-wp-bind--hidden=\"!state.hasPdfPreview\" hidden class=\"wp-block-file__embed\" data=\"https:\/\/trinfortrin.samfundslitteratur.dk\/wp-content\/uploads\/2021\/09\/Personaer-Kap.-7-Sporgsmal.pdf\" type=\"application\/pdf\" style=\"width:100%;height:410px\" aria-label=\"Embed of Embed of Personaer-Kap.-7-Sporgsmal..\"><\/object><a href=\"https:\/\/trinfortrin.samfundslitteratur.dk\/wp-content\/uploads\/2021\/09\/Personaer-Kap.-7-Sporgsmal.pdf\">Personaer-Kap.-7-Sporgsmal<\/a><a href=\"https:\/\/trinfortrin.samfundslitteratur.dk\/wp-content\/uploads\/2021\/09\/Personaer-Kap.-7-Sporgsmal.pdf\" class=\"wp-block-file__button\" download>Download<\/a><\/div>\n\n\n\n<hr class=\"wp-block-separator has-text-color has-background has-white-background-color has-white-color is-style-dots\"\/>\n\n\n\n<div class=\"wp-block-buttons is-content-justification-center is-layout-flex wp-block-buttons-is-layout-flex\">\n<div class=\"wp-block-button\"><a class=\"wp-block-button__link has-text-color has-background\" href=\"https:\/\/samfundslitteratur.dk\/bog\/valide-personaer-trin-trin\" style=\"border-radius:2px;background-color:#88a9ab;color:#fffffa\">K\u00f8b bogen her<\/a><\/div>\n<\/div>\n\n\n\n<p><\/p>\n","protected":false},"excerpt":{"rendered":"<p>Sp\u00f8rgsm\u00e5l, du kan bruge til at igangs\u00e6tte en dialog p\u00e5 din arbejdsplads om parametre for udv\u00e6lgelse af personaer<\/p>\n","protected":false},"author":6,"featured_media":0,"parent":24,"menu_order":7,"comment_status":"closed","ping_status":"closed","template":"","meta":{"footnotes":""},"class_list":["post-104","page","type-page","status-publish","hentry"],"_links":{"self":[{"href":"https:\/\/trinfortrin.samfundslitteratur.dk\/index.php?rest_route=\/wp\/v2\/pages\/104","targetHints":{"allow":["GET"]}}],"collection":[{"href":"https:\/\/trinfortrin.samfundslitteratur.dk\/index.php?rest_route=\/wp\/v2\/pages"}],"about":[{"href":"https:\/\/trinfortrin.samfundslitteratur.dk\/index.php?rest_route=\/wp\/v2\/types\/page"}],"author":[{"embeddable":true,"href":"https:\/\/trinfortrin.samfundslitteratur.dk\/index.php?rest_route=\/wp\/v2\/users\/6"}],"replies":[{"embeddable":true,"href":"https:\/\/trinfortrin.samfundslitteratur.dk\/index.php?rest_route=%2Fwp%2Fv2%2Fcomments&post=104"}],"version-history":[{"count":10,"href":"https:\/\/trinfortrin.samfundslitteratur.dk\/index.php?rest_route=\/wp\/v2\/pages\/104\/revisions"}],"predecessor-version":[{"id":482,"href":"https:\/\/trinfortrin.samfundslitteratur.dk\/index.php?rest_route=\/wp\/v2\/pages\/104\/revisions\/482"}],"up":[{"embeddable":true,"href":"https:\/\/trinfortrin.samfundslitteratur.dk\/index.php?rest_route=\/wp\/v2\/pages\/24"}],"wp:attachment":[{"href":"https:\/\/trinfortrin.samfundslitteratur.dk\/index.php?rest_route=%2Fwp%2Fv2%2Fmedia&parent=104"}],"curies":[{"name":"wp","href":"https:\/\/api.w.org\/{rel}","templated":true}]}}